{"id":112,"date":"2017-11-08T12:35:37","date_gmt":"2017-11-08T11:35:37","guid":{"rendered":"http:\/\/weitblick-action.de\/?page_id=112"},"modified":"2018-05-24T12:31:06","modified_gmt":"2018-05-24T10:31:06","slug":"begegnung","status":"publish","type":"page","link":"http:\/\/weitblick-action.de\/?page_id=112","title":{"rendered":"Begegnung"},"content":{"rendered":"<p><em><img loading=\"lazy\" decoding=\"async\" class=\"alignright wp-image-1295 size-thumbnail\" src=\"http:\/\/weitblick-action.de\/wp\/wp-content\/uploads\/2018\/05\/IMG_1749_web-150x150.jpg\" alt=\"\" width=\"150\" height=\"150\" \/>Weitblick \u2013 Students in Action e.V.<\/em> m\u00f6chte sich nicht nur auf internationaler Ebene, sondern auch lokal f\u00fcr Integration und interkulturellen Austausch zwischen Einheimischen und Menschen, die neu in Deutschland sind, engagieren. Im Zeitraum 2014\/2015 wurde darum ein gro\u00dfes Begegnungsprojekt durchgef\u00fchrt, das eine Zusammenarbeit von Anglistikstudierenden der LMU M\u00fcnchen, Sch\u00fclerinnen des Otto-von-Taube Gymnasiums Gauting und Gefl\u00fcchteten in Gauting beinhaltete.<\/p>\n<p>Das Projekt fand seinen Ausdruck in dem Service-Learning-Projekt <a href=\"http:\/\/weitblick-action.de\/wp\/?page_id=120\">Kochen und helfen \u2013 Around the World in 30 Recipes.<\/a><\/p>\n","protected":false},"excerpt":{"rendered":"<p>Weitblick \u2013 Students in Action e.V. m\u00f6chte sich nicht nur auf internationaler Ebene, sondern auch<br \/><a href=\"http:\/\/weitblick-action.de\/?page_id=112\" class=\"read-more\">Read More &raquo;<\/a><\/p>\n","protected":false},"author":1,"featured_media":0,"parent":46,"menu_order":0,"comment_status":"closed","ping_status":"closed","template":"","meta":{"footnotes":""},"class_list":["post-112","page","type-page","status-publish","hentry","blog-item"],"_links":{"self":[{"href":"http:\/\/weitblick-action.de\/index.php?rest_route=\/wp\/v2\/pages\/112","targetHints":{"allow":["GET"]}}],"collection":[{"href":"http:\/\/weitblick-action.de\/index.php?rest_route=\/wp\/v2\/pages"}],"about":[{"href":"http:\/\/weitblick-action.de\/index.php?rest_route=\/wp\/v2\/types\/page"}],"author":[{"embeddable":true,"href":"http:\/\/weitblick-action.de\/index.php?rest_route=\/wp\/v2\/users\/1"}],"replies":[{"embeddable":true,"href":"http:\/\/weitblick-action.de\/index.php?rest_route=%2Fwp%2Fv2%2Fcomments&post=112"}],"version-history":[{"count":15,"href":"http:\/\/weitblick-action.de\/index.php?rest_route=\/wp\/v2\/pages\/112\/revisions"}],"predecessor-version":[{"id":1336,"href":"http:\/\/weitblick-action.de\/index.php?rest_route=\/wp\/v2\/pages\/112\/revisions\/1336"}],"up":[{"embeddable":true,"href":"http:\/\/weitblick-action.de\/index.php?rest_route=\/wp\/v2\/pages\/46"}],"wp:attachment":[{"href":"http:\/\/weitblick-action.de\/index.php?rest_route=%2Fwp%2Fv2%2Fmedia&parent=112"}],"curies":[{"name":"wp","href":"https:\/\/api.w.org\/{rel}","templated":true}]}}