{"id":114,"date":"2017-11-08T12:39:21","date_gmt":"2017-11-08T11:39:21","guid":{"rendered":"http:\/\/weitblick-action.de\/?page_id=114"},"modified":"2019-03-18T10:23:41","modified_gmt":"2019-03-18T09:23:41","slug":"medinische-hilfe","status":"publish","type":"page","link":"http:\/\/weitblick-action.de\/?page_id=114","title":{"rendered":"Medizinische Hilfe"},"content":{"rendered":"<p><img loading=\"lazy\" decoding=\"async\" class=\"alignright wp-image-1098 size-thumbnail\" src=\"http:\/\/weitblick-action.de\/wp\/wp-content\/uploads\/2018\/04\/Caroline-Hoos_rope-1184016-640x480-150x150.jpg\" alt=\"\" width=\"150\" height=\"150\" \/>Es ist Teil des Konzepts von Service Learning, dass Lernende selbst \u2013 lokal und global \u2013 Probleme identifizieren oder wahrnehmen, wo Hilfe ben\u00f6tigt wird, um im n\u00e4chsten Schritt L\u00f6sungsbeitr\u00e4ge zu entwickeln. Eine Gautinger Sch\u00fclerin wurde darauf aufmerksam, dass die Eltern eines Kindes aus der Nachbargemeinde, das aufgrund eines schweren Unfalls, im Wachkoma lag, die letzte Hoffnung in eine Delfintherapie setzten, diese aber nicht aus eigenen Mitteln finanzieren konnten. Eine Gruppe Sch\u00fclerinnen und Sch\u00fcler etablierte darum zusammen mit ihren Lehrkr\u00e4ften ein Weitblick-Projekt, das Pauline bei ihrer Genesung helfen sollte. In diesem Zusammenhang wurden im Jahr 2013 verschiedene Aktionen, wie zum Beispiel <a href=\"http:\/\/weitblick-action.de\/wp\/?page_id=122\">Slammen und helfen<\/a>, durchgef\u00fchrt, die zur Finanzierung der Therapie beitragen sollten.<\/p>\n","protected":false},"excerpt":{"rendered":"<p>Es ist Teil des Konzepts von Service Learning, dass Lernende selbst \u2013 lokal und global<br \/><a href=\"http:\/\/weitblick-action.de\/?page_id=114\" class=\"read-more\">Read More &raquo;<\/a><\/p>\n","protected":false},"author":1,"featured_media":0,"parent":46,"menu_order":0,"comment_status":"closed","ping_status":"closed","template":"","meta":{"footnotes":""},"class_list":["post-114","page","type-page","status-publish","hentry","blog-item"],"_links":{"self":[{"href":"http:\/\/weitblick-action.de\/index.php?rest_route=\/wp\/v2\/pages\/114","targetHints":{"allow":["GET"]}}],"collection":[{"href":"http:\/\/weitblick-action.de\/index.php?rest_route=\/wp\/v2\/pages"}],"about":[{"href":"http:\/\/weitblick-action.de\/index.php?rest_route=\/wp\/v2\/types\/page"}],"author":[{"embeddable":true,"href":"http:\/\/weitblick-action.de\/index.php?rest_route=\/wp\/v2\/users\/1"}],"replies":[{"embeddable":true,"href":"http:\/\/weitblick-action.de\/index.php?rest_route=%2Fwp%2Fv2%2Fcomments&post=114"}],"version-history":[{"count":8,"href":"http:\/\/weitblick-action.de\/index.php?rest_route=\/wp\/v2\/pages\/114\/revisions"}],"predecessor-version":[{"id":1656,"href":"http:\/\/weitblick-action.de\/index.php?rest_route=\/wp\/v2\/pages\/114\/revisions\/1656"}],"up":[{"embeddable":true,"href":"http:\/\/weitblick-action.de\/index.php?rest_route=\/wp\/v2\/pages\/46"}],"wp:attachment":[{"href":"http:\/\/weitblick-action.de\/index.php?rest_route=%2Fwp%2Fv2%2Fmedia&parent=114"}],"curies":[{"name":"wp","href":"https:\/\/api.w.org\/{rel}","templated":true}]}}