{"id":118,"date":"2017-11-08T12:41:16","date_gmt":"2017-11-08T11:41:16","guid":{"rendered":"http:\/\/weitblick-action.de\/?page_id=118"},"modified":"2018-05-24T11:52:43","modified_gmt":"2018-05-24T09:52:43","slug":"global-peace-path","status":"publish","type":"page","link":"http:\/\/weitblick-action.de\/?page_id=118","title":{"rendered":"Global Peace Path"},"content":{"rendered":"<div class=\"vc_tta-panel-body\">\n<div class=\"wpb_text_column wpb_content_element \">\n<div class=\"wpb_wrapper\">\n<p><a href=\"http:\/\/weitblick-action.de\/wp\/wp-content\/uploads\/2018\/05\/GPP-logo_nobackground.png\"><img loading=\"lazy\" decoding=\"async\" class=\"size-medium wp-image-1247 aligncenter\" src=\"http:\/\/weitblick-action.de\/wp\/wp-content\/uploads\/2018\/05\/GPP-logo_nobackground-300x178.png\" alt=\"\" width=\"300\" height=\"178\" srcset=\"http:\/\/weitblick-action.de\/wp\/wp-content\/uploads\/2018\/05\/GPP-logo_nobackground-300x178.png 300w, http:\/\/weitblick-action.de\/wp\/wp-content\/uploads\/2018\/05\/GPP-logo_nobackground-768x455.png 768w, http:\/\/weitblick-action.de\/wp\/wp-content\/uploads\/2018\/05\/GPP-logo_nobackground-340x201.png 340w, http:\/\/weitblick-action.de\/wp\/wp-content\/uploads\/2018\/05\/GPP-logo_nobackground.png 790w\" sizes=\"auto, (max-width: 300px) 100vw, 300px\" \/><\/a><\/p>\n<p>&nbsp;<\/p>\n<p>Ziel dieses Projekts ist es, im w\u00f6rtlichen Sinne einen Welt-Friedenspfad anzulegen. Dies gelingt, indem an verschiedensten Orten in Deutschland und weltweit Gedichte oder poetische Statements zum Thema Frieden ver\u00f6ffentlicht werden.<\/p>\n<p>Wer sich auf diese Weise f\u00fcr Frieden und V\u00f6lkerverst\u00e4ndigung engagieren m\u00f6chte, geht wie folgt vor: Verfasst Gedichte oder poetische Statements zum Thema Frieden, gegebenenfalls sind auch andere k\u00fcnstlerische Ausdrucksformen m\u00f6glich, und stellt sie an einem \u00f6ffentlichen Ort aus, so dass sie einem gr\u00f6\u00dferen Personenkreis als den Verfassern zug\u00e4nglich sind. Die Texte k\u00f6nnen auf Schilder gedruckt oder auf anderen Tr\u00e4germaterialien ausgestellt werden.<br \/>\nDa wir die Ausbreitung des Global Peace Path auf einer digitalen Karte sichtbar machen wollen und im Hinblick auf die Texte auch zum internationalen Dialog einladen m\u00f6chten, w\u00e4re es sch\u00f6n, wenn ihr uns im n\u00e4chsten Schritt Bilder von den ausgestellten Friedensbotschaften sowie die Texte zumailen w\u00fcrdet (<a href=\"mailto:info@weitblick-aktion.de\">info@weitblick-action.de<\/a>). Weitere Instruktionen und ein Beispielprojekt findet ihr unter dem Link \u201e<a href=\"?page_id=110\">Global Peace Path<\/a>\u201c. Wir freuen uns auf eure Teilnahme!<\/p>\n<\/div>\n<\/div>\n<\/div>\n","protected":false},"excerpt":{"rendered":"<p>&nbsp; Ziel dieses Projekts ist es, im w\u00f6rtlichen Sinne einen Welt-Friedenspfad anzulegen. Dies gelingt, indem<br \/><a href=\"http:\/\/weitblick-action.de\/?page_id=118\" class=\"read-more\">Read More &raquo;<\/a><\/p>\n","protected":false},"author":1,"featured_media":0,"parent":48,"menu_order":0,"comment_status":"closed","ping_status":"closed","template":"","meta":{"footnotes":""},"class_list":["post-118","page","type-page","status-publish","hentry","blog-item"],"_links":{"self":[{"href":"http:\/\/weitblick-action.de\/index.php?rest_route=\/wp\/v2\/pages\/118","targetHints":{"allow":["GET"]}}],"collection":[{"href":"http:\/\/weitblick-action.de\/index.php?rest_route=\/wp\/v2\/pages"}],"about":[{"href":"http:\/\/weitblick-action.de\/index.php?rest_route=\/wp\/v2\/types\/page"}],"author":[{"embeddable":true,"href":"http:\/\/weitblick-action.de\/index.php?rest_route=\/wp\/v2\/users\/1"}],"replies":[{"embeddable":true,"href":"http:\/\/weitblick-action.de\/index.php?rest_route=%2Fwp%2Fv2%2Fcomments&post=118"}],"version-history":[{"count":6,"href":"http:\/\/weitblick-action.de\/index.php?rest_route=\/wp\/v2\/pages\/118\/revisions"}],"predecessor-version":[{"id":1319,"href":"http:\/\/weitblick-action.de\/index.php?rest_route=\/wp\/v2\/pages\/118\/revisions\/1319"}],"up":[{"embeddable":true,"href":"http:\/\/weitblick-action.de\/index.php?rest_route=\/wp\/v2\/pages\/48"}],"wp:attachment":[{"href":"http:\/\/weitblick-action.de\/index.php?rest_route=%2Fwp%2Fv2%2Fmedia&parent=118"}],"curies":[{"name":"wp","href":"https:\/\/api.w.org\/{rel}","templated":true}]}}