{"id":124,"date":"2017-11-08T12:41:52","date_gmt":"2017-11-08T11:41:52","guid":{"rendered":"http:\/\/weitblick-action.de\/?page_id=124"},"modified":"2018-02-22T14:59:14","modified_gmt":"2018-02-22T13:59:14","slug":"unterrichtsmaterial-erstellen-und-helfen","status":"publish","type":"page","link":"http:\/\/weitblick-action.de\/?page_id=124","title":{"rendered":"Unterrichten und Helfen"},"content":{"rendered":"<div class=\"wpb-content-wrapper\"><p>[vc_row][vc_column][vc_column_text]<\/p>\n<figure id=\"attachment_581\" aria-describedby=\"caption-attachment-581\" style=\"width: 233px\" class=\"wp-caption alignleft\"><a href=\"http:\/\/weitblick-action.de\/wp\/wp-content\/uploads\/2018\/01\/Dinu-Portrait_l.jpg\"><img loading=\"lazy\" decoding=\"async\" class=\"wp-image-581 size-medium\" src=\"http:\/\/weitblick-action.de\/wp\/wp-content\/uploads\/2018\/01\/Dinu-Portrait_l-233x300.jpg\" alt=\"\" width=\"233\" height=\"300\" srcset=\"http:\/\/weitblick-action.de\/wp\/wp-content\/uploads\/2018\/01\/Dinu-Portrait_l-233x300.jpg 233w, http:\/\/weitblick-action.de\/wp\/wp-content\/uploads\/2018\/01\/Dinu-Portrait_l-198x255.jpg 198w, http:\/\/weitblick-action.de\/wp\/wp-content\/uploads\/2018\/01\/Dinu-Portrait_l.jpg 646w\" sizes=\"auto, (max-width: 233px) 100vw, 233px\" \/><\/a><figcaption id=\"caption-attachment-581\" class=\"wp-caption-text\">Dinu<\/figcaption><\/figure>\n<p>Im Jahr 2013 engagierten sich erstmals StudentInnen bei Weitblick. Im Rahmen eines Seminars zur englischen Fachdidaktik besch\u00e4ftigten sie sich mit \u201eIntercultural Service Learning\u201c und produzierten Unterrichtsmaterial, das zur F\u00f6rderung interkultureller Kompetenz im Englischunterricht ab dem 4. Lernjahr verwendet werden kann.<\/p>\n<p>Das Unterrichtsmaterial mit dem Titel \u201ePeople of Munich: The Story of the Indian Restaurant Owner Dinu\u201c entstand in enger Zusammenarbeit mit Oyhidull Islam, kurz auch Dinu genannt, dem Besitzer von drei indischen Restaurants. Im M\u00fcnchner \u201eSangeet\u201c stand Dinu den StudentInnen f\u00fcr ein Interview zur Verf\u00fcgung, er gab ihnen Einblicke in sein Leben und in die Kochkunst seines Restaurants. Daf\u00fcr danken wir ihm sehr herzlich!<\/p>\n<p>Das Unterrichtsmaterial kann auf dieser Seite kostenlos heruntergeladen werden. Da mit diesem Service Learning-Projekt (= Lernen durch Engagement) Unterrichtsmaterial f\u00fcr indische Kinder finanziert wird, freuen wir uns aber \u00fcber freiwillige Spenden der User.<\/p>\n<p>&nbsp;<\/p>\n<p><a href=\"http:\/\/weitblick-action.de\/wp\/wp-content\/uploads\/2018\/01\/Dinus-Story-Grundschule-PPT_bearb-PR.pptx\">Dinu&#8217;s Story Grundschule<\/a><\/p>\n<p><a href=\"http:\/\/weitblick-action.de\/wp\/wp-content\/uploads\/2018\/02\/Dinus-Story_Lernzirkel.zip\">Dinu&#8217;s Story Lernzirkel<\/a><\/p>\n<p>&nbsp;<\/p>\n<figure id=\"attachment_582\" aria-describedby=\"caption-attachment-582\" style=\"width: 830px\" class=\"wp-caption aligncenter\"><a href=\"http:\/\/weitblick-action.de\/wp\/wp-content\/uploads\/2018\/01\/Schulmaterial1_l.jpg\"><img loading=\"lazy\" decoding=\"async\" class=\"wp-image-582 size-full\" src=\"http:\/\/weitblick-action.de\/wp\/wp-content\/uploads\/2018\/01\/Schulmaterial1_l.jpg\" alt=\"\" width=\"830\" height=\"622\" srcset=\"http:\/\/weitblick-action.de\/wp\/wp-content\/uploads\/2018\/01\/Schulmaterial1_l.jpg 830w, http:\/\/weitblick-action.de\/wp\/wp-content\/uploads\/2018\/01\/Schulmaterial1_l-300x225.jpg 300w, http:\/\/weitblick-action.de\/wp\/wp-content\/uploads\/2018\/01\/Schulmaterial1_l-768x576.jpg 768w, http:\/\/weitblick-action.de\/wp\/wp-content\/uploads\/2018\/01\/Schulmaterial1_l-340x255.jpg 340w\" sizes=\"auto, (max-width: 830px) 100vw, 830px\" \/><\/a><figcaption id=\"caption-attachment-582\" class=\"wp-caption-text\">Schulmaterial<\/figcaption><\/figure>\n<figure id=\"attachment_580\" aria-describedby=\"caption-attachment-580\" style=\"width: 900px\" class=\"wp-caption aligncenter\"><a href=\"http:\/\/weitblick-action.de\/wp\/wp-content\/uploads\/2018\/01\/Dank-Schulmaterial-bearb_l.jpg\"><img loading=\"lazy\" decoding=\"async\" class=\"wp-image-580 size-large\" src=\"http:\/\/weitblick-action.de\/wp\/wp-content\/uploads\/2018\/01\/Dank-Schulmaterial-bearb_l-1024x481.jpg\" alt=\"\" width=\"900\" height=\"423\" srcset=\"http:\/\/weitblick-action.de\/wp\/wp-content\/uploads\/2018\/01\/Dank-Schulmaterial-bearb_l-1024x481.jpg 1024w, http:\/\/weitblick-action.de\/wp\/wp-content\/uploads\/2018\/01\/Dank-Schulmaterial-bearb_l-300x141.jpg 300w, http:\/\/weitblick-action.de\/wp\/wp-content\/uploads\/2018\/01\/Dank-Schulmaterial-bearb_l-768x361.jpg 768w, http:\/\/weitblick-action.de\/wp\/wp-content\/uploads\/2018\/01\/Dank-Schulmaterial-bearb_l-340x160.jpg 340w, http:\/\/weitblick-action.de\/wp\/wp-content\/uploads\/2018\/01\/Dank-Schulmaterial-bearb_l.jpg 1323w\" sizes=\"auto, (max-width: 900px) 100vw, 900px\" \/><\/a><figcaption id=\"caption-attachment-580\" class=\"wp-caption-text\">Danke!<\/figcaption><\/figure>\n<figure id=\"attachment_579\" aria-describedby=\"caption-attachment-579\" style=\"width: 830px\" class=\"wp-caption aligncenter\"><a href=\"http:\/\/weitblick-action.de\/wp\/wp-content\/uploads\/2018\/01\/Schulmaterial2_l.jpg\"><img loading=\"lazy\" decoding=\"async\" class=\"wp-image-579 size-full\" src=\"http:\/\/weitblick-action.de\/wp\/wp-content\/uploads\/2018\/01\/Schulmaterial2_l.jpg\" alt=\"\" width=\"830\" height=\"622\" srcset=\"http:\/\/weitblick-action.de\/wp\/wp-content\/uploads\/2018\/01\/Schulmaterial2_l.jpg 830w, http:\/\/weitblick-action.de\/wp\/wp-content\/uploads\/2018\/01\/Schulmaterial2_l-300x225.jpg 300w, http:\/\/weitblick-action.de\/wp\/wp-content\/uploads\/2018\/01\/Schulmaterial2_l-768x576.jpg 768w, http:\/\/weitblick-action.de\/wp\/wp-content\/uploads\/2018\/01\/Schulmaterial2_l-340x255.jpg 340w\" sizes=\"auto, (max-width: 830px) 100vw, 830px\" \/><\/a><figcaption id=\"caption-attachment-579\" class=\"wp-caption-text\">Schulmaterial 2<\/figcaption><\/figure>\n<p>&nbsp;[\/vc_column_text][\/vc_column][\/vc_row]<\/p>\n<\/div>","protected":false},"excerpt":{"rendered":"<p>[vc_row][vc_column][vc_column_text] Im Jahr 2013 engagierten sich erstmals StudentInnen bei Weitblick. Im Rahmen eines Seminars zur<br \/><a href=\"http:\/\/weitblick-action.de\/?page_id=124\" class=\"read-more\">Read More &raquo;<\/a><\/p>\n","protected":false},"author":1,"featured_media":581,"parent":48,"menu_order":0,"comment_status":"closed","ping_status":"closed","template":"","meta":{"footnotes":""},"class_list":["post-124","page","type-page","status-publish","has-post-thumbnail","hentry","blog-item"],"_links":{"self":[{"href":"http:\/\/weitblick-action.de\/index.php?rest_route=\/wp\/v2\/pages\/124","targetHints":{"allow":["GET"]}}],"collection":[{"href":"http:\/\/weitblick-action.de\/index.php?rest_route=\/wp\/v2\/pages"}],"about":[{"href":"http:\/\/weitblick-action.de\/index.php?rest_route=\/wp\/v2\/types\/page"}],"author":[{"embeddable":true,"href":"http:\/\/weitblick-action.de\/index.php?rest_route=\/wp\/v2\/users\/1"}],"replies":[{"embeddable":true,"href":"http:\/\/weitblick-action.de\/index.php?rest_route=%2Fwp%2Fv2%2Fcomments&post=124"}],"version-history":[{"count":17,"href":"http:\/\/weitblick-action.de\/index.php?rest_route=\/wp\/v2\/pages\/124\/revisions"}],"predecessor-version":[{"id":1038,"href":"http:\/\/weitblick-action.de\/index.php?rest_route=\/wp\/v2\/pages\/124\/revisions\/1038"}],"up":[{"embeddable":true,"href":"http:\/\/weitblick-action.de\/index.php?rest_route=\/wp\/v2\/pages\/48"}],"wp:featuredmedia":[{"embeddable":true,"href":"http:\/\/weitblick-action.de\/index.php?rest_route=\/wp\/v2\/media\/581"}],"wp:attachment":[{"href":"http:\/\/weitblick-action.de\/index.php?rest_route=%2Fwp%2Fv2%2Fmedia&parent=124"}],"curies":[{"name":"wp","href":"https:\/\/api.w.org\/{rel}","templated":true}]}}