{"id":128,"date":"2017-11-08T12:42:15","date_gmt":"2017-11-08T11:42:15","guid":{"rendered":"http:\/\/weitblick-action.de\/?page_id=128"},"modified":"2018-02-22T15:05:54","modified_gmt":"2018-02-22T14:05:54","slug":"laufen-und-helfen","status":"publish","type":"page","link":"http:\/\/weitblick-action.de\/?page_id=128","title":{"rendered":"Laufen und helfen"},"content":{"rendered":"<div class=\"wpb-content-wrapper\"><p>[vc_row][vc_column][vc_column_text]Am 27.4.2010 hatten nicht nur die Sportlehrer ihre wahre Freude. Unter dem Motto \u201eLaufen und helfen\u201c liefen die Gautinger Sch\u00fclerinnen und Sch\u00fcler im wahrsten Sinne des Wortes zur H\u00f6chstform auf. Die urspr\u00fcngliche Idee bestand in einer Sportveranstaltung, an der jeder freiwillig teilnehmen kann, um sich f\u00fcr den Schulbau in Indien zu engagieren. Eine kleine Gruppe, in der jeder ein oder zwei Runden l\u00e4uft, w\u00e4re schon ein sch\u00f6nes Ergebnis gewesen. Letztlich nahm fast die ganze Schule an dem Benefizlauf teil, einschlie\u00dflich der Lehrkr\u00e4fte. Alle wollten mithelfen und erlebten dabei ein selten dagewesenes Gemeinschaftsgef\u00fchl. Zwischen sportlichem Ehrgeiz und dem Willen, den letzten noch fehlenden Betrag f\u00fcr den Schulbau zu erlaufen, liefen manche Sch\u00fcler einen Halbmarathon. Die J\u00fcngsten standen den Gro\u00dfen dabei in nichts nach. Die beste Klassenleistung erbrachte die 5a. Die beste Einzelleistung erbrachte ein Mittelstufensch\u00fcler, der auf der 400-Meter-Bahn 76 Runden lief![\/vc_column_text][vc_column_text]<a href=\"http:\/\/weitblick-action.de\/wp\/wp-content\/uploads\/2018\/02\/Motivationbrief-von-Sch\u00fclern-f\u00fcr-Sch\u00fcler.pdf\">Motivationbrief von Sch\u00fclern f\u00fcr Sch\u00fcler<\/a>[\/vc_column_text][vc_empty_space][vc_gallery type=&#8221;image_grid&#8221; images=&#8221;693,694,696,697,698,699&#8243; onclick=&#8221;img_link_large&#8221;][\/vc_column][\/vc_row]<\/p>\n<\/div>","protected":false},"excerpt":{"rendered":"<p>[vc_row][vc_column][vc_column_text]Am 27.4.2010 hatten nicht nur die Sportlehrer ihre wahre Freude. Unter dem Motto \u201eLaufen und<br \/><a href=\"http:\/\/weitblick-action.de\/?page_id=128\" class=\"read-more\">Read More &raquo;<\/a><\/p>\n","protected":false},"author":1,"featured_media":699,"parent":48,"menu_order":0,"comment_status":"closed","ping_status":"closed","template":"","meta":{"footnotes":""},"class_list":["post-128","page","type-page","status-publish","has-post-thumbnail","hentry","blog-item"],"_links":{"self":[{"href":"http:\/\/weitblick-action.de\/index.php?rest_route=\/wp\/v2\/pages\/128","targetHints":{"allow":["GET"]}}],"collection":[{"href":"http:\/\/weitblick-action.de\/index.php?rest_route=\/wp\/v2\/pages"}],"about":[{"href":"http:\/\/weitblick-action.de\/index.php?rest_route=\/wp\/v2\/types\/page"}],"author":[{"embeddable":true,"href":"http:\/\/weitblick-action.de\/index.php?rest_route=\/wp\/v2\/users\/1"}],"replies":[{"embeddable":true,"href":"http:\/\/weitblick-action.de\/index.php?rest_route=%2Fwp%2Fv2%2Fcomments&post=128"}],"version-history":[{"count":6,"href":"http:\/\/weitblick-action.de\/index.php?rest_route=\/wp\/v2\/pages\/128\/revisions"}],"predecessor-version":[{"id":1042,"href":"http:\/\/weitblick-action.de\/index.php?rest_route=\/wp\/v2\/pages\/128\/revisions\/1042"}],"up":[{"embeddable":true,"href":"http:\/\/weitblick-action.de\/index.php?rest_route=\/wp\/v2\/pages\/48"}],"wp:featuredmedia":[{"embeddable":true,"href":"http:\/\/weitblick-action.de\/index.php?rest_route=\/wp\/v2\/media\/699"}],"wp:attachment":[{"href":"http:\/\/weitblick-action.de\/index.php?rest_route=%2Fwp%2Fv2%2Fmedia&parent=128"}],"curies":[{"name":"wp","href":"https:\/\/api.w.org\/{rel}","templated":true}]}}