{"id":132,"date":"2017-11-08T12:42:35","date_gmt":"2017-11-08T11:42:35","guid":{"rendered":"http:\/\/weitblick-action.de\/?page_id=132"},"modified":"2018-05-23T16:54:45","modified_gmt":"2018-05-23T14:54:45","slug":"talentfestival","status":"publish","type":"page","link":"http:\/\/weitblick-action.de\/?page_id=132","title":{"rendered":"Talentfestival"},"content":{"rendered":"<div class=\"wpb-content-wrapper\"><p>[vc_row][vc_column][vc_single_image image=&#8221;665&#8243; img_size=&#8221;large&#8221; alignment=&#8221;center&#8221;][vc_column_text]<\/p>\n<p style=\"text-align: center;\"><strong>Zeichnen, Chinesisch, buddhistische Meditation &#8211; in 22 Workshops haben 75 Sch\u00fclerinnen und Sch\u00fcler ihre Talente weitervermittelt und mit den Einnahmen einen Schulbau in Indien unterst\u00fctzt.<\/strong><\/p>\n<p>&#8220;Sch\u00fclerinnen und Sch\u00fcler verkaufen ihr K\u00f6nnen und bauen mit dem Erl\u00f6s eine Schule in Indien.&#8221; Unter diesem Motto war am 6. M\u00e4rz 2008 eine ganze Schule aktiv. Sch\u00fclerinnen und Sch\u00fcler unterschiedlichster Jahrgangsstufen f\u00fchrten im Rahmen des Tags der offenen T\u00fcr des Otto-von-Taube-Gymnasiums in Gauting Workshops durch. Gegen eine freiwillige Geb\u00fchr von 1 Euro konnte man an den Workshops teilnehmen. Ein Catering-Team sorgte f\u00fcr die Verpflegung. Nach dem gemeinsamen Lernen wurde schlie\u00dflich noch gefeiert. Drei Bands sorgten f\u00fcr Stimmung. Die Sch\u00fclerinnen und Sch\u00fcler erzielten mit ihrem gro\u00dfartigen Engagement 1.400 Euro f\u00fcr den indischen Schulbau.<\/p>\n<p>[\/vc_column_text][vc_column_text]<strong>Radiobeitrag zum Talentfestival von Isabel, Steffi, Helena, Julia und Daniela. <\/strong><\/p>\n<p>Klasse 9a<\/p>\n<p><audio class=\"wp-audio-shortcode\" id=\"audio-132-1\" preload=\"none\" style=\"width: 100%;\" controls=\"controls\"><source type=\"audio\/mpeg\" src=\"http:\/\/weitblick-action.de\/wp\/wp-content\/uploads\/2018\/01\/Weitblickbeitrag_IsabelleSteffiHelenaJuliaDaniela.mp3?_=1\" \/><a href=\"http:\/\/weitblick-action.de\/wp\/wp-content\/uploads\/2018\/01\/Weitblickbeitrag_IsabelleSteffiHelenaJuliaDaniela.mp3\">http:\/\/weitblick-action.de\/wp\/wp-content\/uploads\/2018\/01\/Weitblickbeitrag_IsabelleSteffiHelenaJuliaDaniela.mp3<\/a><\/audio>[\/vc_column_text][vc_tta_accordion color=&#8221;orange&#8221; spacing=&#8221;2&#8243; active_section=&#8221;100&#8243; no_fill=&#8221;true&#8221; collapsible_all=&#8221;true&#8221;][vc_tta_section title=&#8221;Detaillierte Berichterstattung&#8221; tab_id=&#8221;1517305444140-ac64a48e-7b6c&#8221;][vc_column_text](Von Judith Wagenknecht, Klasse 8a)<\/p>\n<p>Das Talentfestival des Otto-von-Taube-Gymnasiums am 6. M\u00e4rz 2008 bot nicht nur Spa\u00df f\u00fcr die Besucher und Workshopteilnehmer, sondern diente einem guten Zweck. Denn die Einnahmen dieses Tages, sowohl die der angebotenen Workshops als auch des Caterings, gingen an das Projekt \u201eWeitblick &#8211; Sch\u00fcler in Aktion\u201c, bei dem Sch\u00fclerinnen und Sch\u00fcler durch verschiedene Aktionen Geld sammeln und dieses dann zum Bau einer Schule in Indien f\u00fcr arme Kinder verwenden. Die Workshopleiterinnen und Workshopleiter waren auch weitgehend alle Sch\u00fclerinnen und Sch\u00fcler des OvTGs.<\/p>\n<p>Herzlichen Dank nochmals an alle, die mitgewirkt haben.[\/vc_column_text][\/vc_tta_section][vc_tta_section title=&#8221;Literarisches Cafe&#8221; tab_id=&#8221;1517305444141-b18f9f83-6215&#8243;][vc_column_text]<a href=\"http:\/\/weitblick-action.de\/wp\/wp-content\/uploads\/2018\/01\/talentfestival_literarischescafe_l.jpg\"><img loading=\"lazy\" decoding=\"async\" class=\"alignleft wp-image-660 size-thumbnail\" src=\"http:\/\/weitblick-action.de\/wp\/wp-content\/uploads\/2018\/01\/talentfestival_literarischescafe_l-150x150.jpg\" alt=\"\" width=\"150\" height=\"150\" \/><\/a>Anfangs fand eine kurze Einf\u00fchrung in Lyrik und Epik statt, danach schrieben die Teilnehmerinnen und Teilnehmer in einem sch\u00f6n dekorierten Klassenzimmer Kurzgeschichten.[\/vc_column_text][\/vc_tta_section][vc_tta_section title=&#8221;Journalistisches Schreiben&#8221; tab_id=&#8221;1517305598789-9dd3cc37-a9da&#8221;][vc_column_text]In diesem Workshop wurde den Kindern erkl\u00e4rt, wie man journalistische Texte schreibt. Das Gelernte konnte sie anschlie\u00dfend gleich in einem Bericht \u00fcber den Tag der offenen T\u00fcr anwenden.[\/vc_column_text][\/vc_tta_section][vc_tta_section title=&#8221;Standarttanzkurs&#8221; tab_id=&#8221;1517305608165-e1b9908b-7225&#8243;][vc_column_text]<a href=\"http:\/\/weitblick-action.de\/wp\/wp-content\/uploads\/2018\/01\/talentfestival_tanzkurs_l.jpg\"><img loading=\"lazy\" decoding=\"async\" class=\"alignright size-thumbnail wp-image-664\" src=\"http:\/\/weitblick-action.de\/wp\/wp-content\/uploads\/2018\/01\/talentfestival_tanzkurs_l-150x150.jpg\" alt=\"\" width=\"150\" height=\"150\" \/><\/a>Die Workshopleiterinnen des Standarttanzkurses brachten den Jugendlichen T\u00e4nze wie den Walzer und den Cha-Cha-Cha bei.[\/vc_column_text][\/vc_tta_section][vc_tta_section title=&#8221;Buddhistische Meditation&#8221; tab_id=&#8221;1517305611896-7d11e916-a9cc&#8221;][vc_column_text]<a href=\"http:\/\/weitblick-action.de\/wp\/wp-content\/uploads\/2018\/01\/talentfestival_buddhismus_l.jpg\"><img loading=\"lazy\" decoding=\"async\" class=\"alignleft size-thumbnail wp-image-656\" src=\"http:\/\/weitblick-action.de\/wp\/wp-content\/uploads\/2018\/01\/talentfestival_buddhismus_l-150x150.jpg\" alt=\"\" width=\"150\" height=\"150\" \/><\/a>In diesem Workshop konnte man Grundz\u00fcge des Buddhismus kennen lernen und erleben, wie Buddhisten meditieren.[\/vc_column_text][\/vc_tta_section][vc_tta_section title=&#8221;Russisch&#8221; tab_id=&#8221;1517305616141-9ba37282-a2a3&#8243;][vc_column_text]<a href=\"http:\/\/weitblick-action.de\/wp\/wp-content\/uploads\/2018\/01\/talentfestival_russisch_l.jpg\"><img loading=\"lazy\" decoding=\"async\" class=\"alignright size-thumbnail wp-image-663\" src=\"http:\/\/weitblick-action.de\/wp\/wp-content\/uploads\/2018\/01\/talentfestival_russisch_l-150x150.jpg\" alt=\"\" width=\"150\" height=\"150\" \/><\/a>Der Russischworkshop wurde von Frau Wieland und ihren Sch\u00fclerinnen geleitet, die sich wirklich sehr viel M\u00fche gegeben haben, diesen nett zu gestalten. Neben einem Einblick in das russische Alphabet wurde auch russisch gekocht.[\/vc_column_text][\/vc_tta_section][vc_tta_section title=&#8221;Fit for Travel&#8221; tab_id=&#8221;1517305620173-7c6f3e99-7a5d&#8221;][vc_column_text]Hier wurde ein kleiner englischer Film gezeigt und einfache englische Konversation gelehrt.[\/vc_column_text][\/vc_tta_section][vc_tta_section title=&#8221;Mangazeichnen&#8221; tab_id=&#8221;1517305624046-80d5ab72-5732&#8243;][vc_column_text]<a href=\"http:\/\/weitblick-action.de\/wp\/wp-content\/uploads\/2018\/01\/talentfestival_mangazeichnen_l.jpg\"><img loading=\"lazy\" decoding=\"async\" class=\"alignleft size-thumbnail wp-image-661\" src=\"http:\/\/weitblick-action.de\/wp\/wp-content\/uploads\/2018\/01\/talentfestival_mangazeichnen_l-150x150.jpg\" alt=\"\" width=\"150\" height=\"150\" \/><\/a>Beim Mangazeichnen durften die Teilnehmerinnen und Teilnehmer Bilder von der Tafel abzeichnen, auf denen die Strukturen des Mangazeichnens zu sehen waren.[\/vc_column_text][\/vc_tta_section][vc_tta_section title=&#8221;Film und Schnitt&#8221; tab_id=&#8221;1517305629997-6f5f682e-3c4c&#8221;][vc_column_text]In diesem Workshop wurden Filme am Computer geschnitten und bearbeitet.[\/vc_column_text][\/vc_tta_section][vc_tta_section title=&#8221;Europ\u00e4ische und indische Mode&#8221; tab_id=&#8221;1517305633573-fd8882cc-e173&#8243;][vc_column_text]<a href=\"http:\/\/weitblick-action.de\/wp\/wp-content\/uploads\/2018\/01\/talentfestival_indischemode_l.jpg\"><img loading=\"lazy\" decoding=\"async\" class=\"alignright size-thumbnail wp-image-659\" src=\"http:\/\/weitblick-action.de\/wp\/wp-content\/uploads\/2018\/01\/talentfestival_indischemode_l-150x150.jpg\" alt=\"\" width=\"150\" height=\"150\" \/><\/a>W\u00e4hrend bei europ\u00e4ischer Mode vorwiegend gezeichnet wurde, durften die Teilnehmerinnen und Teilnehmer des Workshops \u201eIndische Mode\u201c auch Saris anprobieren.[\/vc_column_text][\/vc_tta_section][vc_tta_section title=&#8221;Selbstverteidigung&#8221; tab_id=&#8221;1517305636852-9b39ffb1-54d2&#8243;][vc_column_text]Im Selbstverteidigungskurs wurden den Sch\u00fclern grundlegende Handgriffe zur Selbstverteidigung gezeigt.[\/vc_column_text][\/vc_tta_section][vc_tta_section title=&#8221;Physik des Gleichgewichts&#8221; tab_id=&#8221;1517306144911-ce123a97-f90c&#8221;][vc_column_text]<a href=\"http:\/\/weitblick-action.de\/wp\/wp-content\/uploads\/2018\/01\/talentfestival_physik_l.jpg\"><img loading=\"lazy\" decoding=\"async\" class=\"alignleft size-thumbnail wp-image-662\" src=\"http:\/\/weitblick-action.de\/wp\/wp-content\/uploads\/2018\/01\/talentfestival_physik_l-150x150.jpg\" alt=\"\" width=\"150\" height=\"150\" \/><\/a>Nach einem Vortrag \u00fcber die physikalischen Zusammenh\u00e4nge, konnten die Besucher Einradfahren, Diabolo und Pois ausprobieren.[\/vc_column_text][\/vc_tta_section][vc_tta_section title=&#8221;Indisch Kochen&#8221; tab_id=&#8221;1517306148807-32e194df-b4c9&#8243;][vc_column_text]Ein weiterer Workshop war das indisch-vegetarische Kochen, bei dem bei indischer Musik gekocht und dann gegessen wurde.[\/vc_column_text][\/vc_tta_section][vc_tta_section title=&#8221;Fotografie&#8221; tab_id=&#8221;1517306149174-b3ae6191-9be9&#8243;][vc_column_text]<a href=\"http:\/\/weitblick-action.de\/wp\/wp-content\/uploads\/2018\/01\/talentfestival_fotografie_l.jpg\"><img loading=\"lazy\" decoding=\"async\" class=\"alignleft size-thumbnail wp-image-657\" src=\"http:\/\/weitblick-action.de\/wp\/wp-content\/uploads\/2018\/01\/talentfestival_fotografie_l-150x150.jpg\" alt=\"\" width=\"150\" height=\"150\" \/><\/a>In diesem Kurs konnte gelernt werden, wie man mit einfacher Ausstattung effektvolle Bilder schie\u00dft.[\/vc_column_text][\/vc_tta_section][vc_tta_section title=&#8221;Radioprojekt&#8221; tab_id=&#8221;1517306437127-cfcd6f77-fdeb&#8221;][vc_column_text]Aufnahme, Schnitt, Mischung \u2013 all das vermittelten unsere Radioexpertinnen ihren Teilnehmern.[\/vc_column_text][\/vc_tta_section][vc_tta_section title=&#8221;Architektur&#8221; tab_id=&#8221;1517306445845-47051211-0c27&#8243;][vc_column_text]<a href=\"http:\/\/weitblick-action.de\/wp\/wp-content\/uploads\/2018\/01\/talentfestival_architektur_l.jpg\"><img loading=\"lazy\" decoding=\"async\" class=\"size-thumbnail wp-image-655 alignright\" src=\"http:\/\/weitblick-action.de\/wp\/wp-content\/uploads\/2018\/01\/talentfestival_architektur_l-150x150.jpg\" alt=\"\" width=\"150\" height=\"150\" \/><\/a>In der Architekturgruppe wurden den Sch\u00fclern architektonische Grundlagen gelehrt und Modelle der indischen Schule gezeichnet und modelliert.[\/vc_column_text][\/vc_tta_section][vc_tta_section title=&#8221;Musikworkshops&#8221; tab_id=&#8221;1517306446310-22de8db8-5b55&#8243;][vc_column_text]In den Musikworkshops konnten die verschiedenen Instrumente der Schulbands ausprobiert werden. Die Bandmitglieder gaben den Teilnehmern hierbei wertvolle Tipps. Au\u00dferdem gab es einen Workshop, in dem Erfahrungen zur Minimal Music gesammelt werden konnten..[\/vc_column_text][\/vc_tta_section][vc_tta_section title=&#8221;Chinesisch&#8221; tab_id=&#8221;1517306446663-1b523a37-2f37&#8243;][vc_column_text]Im Chinesischkurs wurde eine Einf\u00fchrung in die Sprache und Schrift der Chinesen geboten.[\/vc_column_text][\/vc_tta_section][vc_tta_section title=&#8221;Act and eat in \u2013 English please&#8221; tab_id=&#8221;1517306447096-22f688f7-9370&#8243;][vc_column_text]Hier brachten sich Sch\u00fcler gegenseitig n\u00fctzliche Redewendungen f\u00fcr Auslandsaufenthalte bei und \u00fcbten sie in kleinen Theaterst\u00fccken ein.[\/vc_column_text][\/vc_tta_section][vc_tta_section title=&#8221;Hair and Style&#8221; tab_id=&#8221;1517306447478-d080e91b-78fc&#8221;][vc_column_text]<a href=\"http:\/\/weitblick-action.de\/wp\/wp-content\/uploads\/2018\/01\/talentfestival_hair_l.jpg\"><img loading=\"lazy\" decoding=\"async\" class=\"alignright size-thumbnail wp-image-658\" src=\"http:\/\/weitblick-action.de\/wp\/wp-content\/uploads\/2018\/01\/talentfestival_hair_l-150x150.jpg\" alt=\"\" width=\"150\" height=\"150\" \/><\/a>Im Gegensatz zu den sprachlichen Workshops wurden den Teilnehmern bei Hair and Style praktische Tipps zum Aufpeppen der Haare und dem allgemeinen Aussehen gegeben. Au\u00dferdem gab es einen theoretischen Querschnitt durch die Jahrhunderte.[\/vc_column_text][\/vc_tta_section][\/vc_tta_accordion][\/vc_column][\/vc_row][vc_row][vc_column][\/vc_column][\/vc_row]<\/p>\n<\/div>","protected":false},"excerpt":{"rendered":"<p>[vc_row][vc_column][vc_single_image image=&#8221;665&#8243; img_size=&#8221;large&#8221; alignment=&#8221;center&#8221;][vc_column_text] Zeichnen, Chinesisch, buddhistische Meditation &#8211; in 22 Workshops haben 75 Sch\u00fclerinnen<br \/><a href=\"http:\/\/weitblick-action.de\/?page_id=132\" class=\"read-more\">Read More &raquo;<\/a><\/p>\n","protected":false},"author":1,"featured_media":665,"parent":48,"menu_order":0,"comment_status":"closed","ping_status":"closed","template":"","meta":{"footnotes":""},"class_list":["post-132","page","type-page","status-publish","has-post-thumbnail","hentry","blog-item"],"_links":{"self":[{"href":"http:\/\/weitblick-action.de\/index.php?rest_route=\/wp\/v2\/pages\/132","targetHints":{"allow":["GET"]}}],"collection":[{"href":"http:\/\/weitblick-action.de\/index.php?rest_route=\/wp\/v2\/pages"}],"about":[{"href":"http:\/\/weitblick-action.de\/index.php?rest_route=\/wp\/v2\/types\/page"}],"author":[{"embeddable":true,"href":"http:\/\/weitblick-action.de\/index.php?rest_route=\/wp\/v2\/users\/1"}],"replies":[{"embeddable":true,"href":"http:\/\/weitblick-action.de\/index.php?rest_route=%2Fwp%2Fv2%2Fcomments&post=132"}],"version-history":[{"count":22,"href":"http:\/\/weitblick-action.de\/index.php?rest_route=\/wp\/v2\/pages\/132\/revisions"}],"predecessor-version":[{"id":1256,"href":"http:\/\/weitblick-action.de\/index.php?rest_route=\/wp\/v2\/pages\/132\/revisions\/1256"}],"up":[{"embeddable":true,"href":"http:\/\/weitblick-action.de\/index.php?rest_route=\/wp\/v2\/pages\/48"}],"wp:featuredmedia":[{"embeddable":true,"href":"http:\/\/weitblick-action.de\/index.php?rest_route=\/wp\/v2\/media\/665"}],"wp:attachment":[{"href":"http:\/\/weitblick-action.de\/index.php?rest_route=%2Fwp%2Fv2%2Fmedia&parent=132"}],"curies":[{"name":"wp","href":"https:\/\/api.w.org\/{rel}","templated":true}]}}