{"id":134,"date":"2017-11-08T12:42:44","date_gmt":"2017-11-08T11:42:44","guid":{"rendered":"http:\/\/weitblick-action.de\/?page_id=134"},"modified":"2018-01-30T12:27:26","modified_gmt":"2018-01-30T11:27:26","slug":"prasentieren-und-helfen","status":"publish","type":"page","link":"http:\/\/weitblick-action.de\/?page_id=134","title":{"rendered":"Pr\u00e4sentieren und helfen"},"content":{"rendered":"<p style=\"text-align: left;\"><strong>Bildung ohne Grenzen \u2013 Schul\u00fcbergreifendes Lernen und gemeinsames Engagement<\/strong><\/p>\n<p><a href=\"http:\/\/weitblick-action.de\/wp\/wp-content\/uploads\/2018\/01\/Zusammenarbeit-beim-Powerpointkurs_web.jpg\"><img loading=\"lazy\" decoding=\"async\" class=\"alignright size-medium wp-image-713\" src=\"http:\/\/weitblick-action.de\/wp\/wp-content\/uploads\/2018\/01\/Zusammenarbeit-beim-Powerpointkurs_web-300x225.jpg\" alt=\"\" width=\"300\" height=\"225\" srcset=\"http:\/\/weitblick-action.de\/wp\/wp-content\/uploads\/2018\/01\/Zusammenarbeit-beim-Powerpointkurs_web-300x225.jpg 300w, http:\/\/weitblick-action.de\/wp\/wp-content\/uploads\/2018\/01\/Zusammenarbeit-beim-Powerpointkurs_web-768x576.jpg 768w, http:\/\/weitblick-action.de\/wp\/wp-content\/uploads\/2018\/01\/Zusammenarbeit-beim-Powerpointkurs_web-1024x768.jpg 1024w, http:\/\/weitblick-action.de\/wp\/wp-content\/uploads\/2018\/01\/Zusammenarbeit-beim-Powerpointkurs_web-340x255.jpg 340w, http:\/\/weitblick-action.de\/wp\/wp-content\/uploads\/2018\/01\/Zusammenarbeit-beim-Powerpointkurs_web.jpg 1440w\" sizes=\"auto, (max-width: 300px) 100vw, 300px\" \/><\/a>Sch\u00fclerinnen und Sch\u00fcler unterschiedlicher Schulen treten in den Dialog und bilden sich gegenseitig aus. Mit diesem Vorsatz machten sich am 26.2. 2008 vier Sch\u00fcler und eine Lehrkraft des Otto-von-Taube-Gymnasium auf den Weg nach Germering an die Eugen-Papst-Schule. Im Gep\u00e4ck hatten die Gautinger Neuntkl\u00e4ssler selbst erstellte Power Point Pr\u00e4sentationen zu Themen aus der deutschen Geschichte. Ihr Ziel war es, in Germering Multiplikatoren auszubilden, d.h. einer kleinen Gruppe von Sch\u00fclerinnen und Sch\u00fclern Kompetenzen zu vermitteln, die diese dann wiederum an ihre Mitsch\u00fclerinnen und Mitsch\u00fcler weitergeben.<\/p>\n<p>Angekommen an der Eugen-Papst-Schule, einem sonderp\u00e4dagogischen F\u00f6rderzentrum, durften die Gautinger zun\u00e4chst hospitieren und so den dortigen Unterricht kennen lernen. Im Anschluss waren sie selbst gefragt. Sie hatten n\u00e4mlich nicht nur die Aufgabe, Power Point Vortr\u00e4ge zum Thema Nationalsozialismus zu halten, sondern sie sollten im Anschluss ihren Zuh\u00f6rerinnen und Zuh\u00f6rern auch beibringen, wie man selbst eine Pr\u00e4sentation mit Power Point erstellt.<\/p>\n<p><a href=\"http:\/\/weitblick-action.de\/wp\/wp-content\/uploads\/2018\/01\/Referententeam_web.jpg\"><img loading=\"lazy\" decoding=\"async\" class=\"size-medium wp-image-712 alignleft\" src=\"http:\/\/weitblick-action.de\/wp\/wp-content\/uploads\/2018\/01\/Referententeam_web-300x225.jpg\" alt=\"\" width=\"300\" height=\"225\" srcset=\"http:\/\/weitblick-action.de\/wp\/wp-content\/uploads\/2018\/01\/Referententeam_web-300x225.jpg 300w, http:\/\/weitblick-action.de\/wp\/wp-content\/uploads\/2018\/01\/Referententeam_web-768x576.jpg 768w, http:\/\/weitblick-action.de\/wp\/wp-content\/uploads\/2018\/01\/Referententeam_web-1024x768.jpg 1024w, http:\/\/weitblick-action.de\/wp\/wp-content\/uploads\/2018\/01\/Referententeam_web-340x255.jpg 340w, http:\/\/weitblick-action.de\/wp\/wp-content\/uploads\/2018\/01\/Referententeam_web.jpg 1440w\" sizes=\"auto, (max-width: 300px) 100vw, 300px\" \/><\/a>Die Sch\u00fclerinnen und Sch\u00fcler der Eugen-Papst-Schule folgten den Vortr\u00e4gen interessiert und sie diskutierten mit \u2013 schlie\u00dflich war es ein Thema, \u00fcber das die Jugendlichen mehr erfahren wollten, wie uns im Vorfeld von der Projektleiterin vor Ort in Germering, Frau Schleske, mitgeteilt wurde. Auch im anschlie\u00dfenden Power Point Kurs wurde konzentriert gearbeitet.<\/p>\n<p>Die beteiligten Sch\u00fclerinnen und Sch\u00fcler haben in diesem Projekt Engagement auf mehreren Ebenen gezeigt. Sie haben zum einen eine Br\u00fccke zwischen unterschiedlichen Schularten derselben Region geschlagen. Zum anderen haben sie sich auch noch f\u00fcr bed\u00fcrftige Kinder in Asien eingesetzt. Da die Gautinger im Rahmen des Germeringer Programms \u201eBE.IN \u2013 Begabung und Interessen\u201c referieren durften, haben sie n\u00e4mlich eine Gage erhalten, die sie f\u00fcr den Schulbau in Indien spendeten.<\/p>\n","protected":false},"excerpt":{"rendered":"<p>Bildung ohne Grenzen \u2013 Schul\u00fcbergreifendes Lernen und gemeinsames Engagement Sch\u00fclerinnen und Sch\u00fcler unterschiedlicher Schulen treten<br \/><a href=\"http:\/\/weitblick-action.de\/?page_id=134\" class=\"read-more\">Read More &raquo;<\/a><\/p>\n","protected":false},"author":1,"featured_media":712,"parent":48,"menu_order":0,"comment_status":"closed","ping_status":"closed","template":"","meta":{"footnotes":""},"class_list":["post-134","page","type-page","status-publish","has-post-thumbnail","hentry","blog-item"],"_links":{"self":[{"href":"http:\/\/weitblick-action.de\/index.php?rest_route=\/wp\/v2\/pages\/134","targetHints":{"allow":["GET"]}}],"collection":[{"href":"http:\/\/weitblick-action.de\/index.php?rest_route=\/wp\/v2\/pages"}],"about":[{"href":"http:\/\/weitblick-action.de\/index.php?rest_route=\/wp\/v2\/types\/page"}],"author":[{"embeddable":true,"href":"http:\/\/weitblick-action.de\/index.php?rest_route=\/wp\/v2\/users\/1"}],"replies":[{"embeddable":true,"href":"http:\/\/weitblick-action.de\/index.php?rest_route=%2Fwp%2Fv2%2Fcomments&post=134"}],"version-history":[{"count":3,"href":"http:\/\/weitblick-action.de\/index.php?rest_route=\/wp\/v2\/pages\/134\/revisions"}],"predecessor-version":[{"id":715,"href":"http:\/\/weitblick-action.de\/index.php?rest_route=\/wp\/v2\/pages\/134\/revisions\/715"}],"up":[{"embeddable":true,"href":"http:\/\/weitblick-action.de\/index.php?rest_route=\/wp\/v2\/pages\/48"}],"wp:featuredmedia":[{"embeddable":true,"href":"http:\/\/weitblick-action.de\/index.php?rest_route=\/wp\/v2\/media\/712"}],"wp:attachment":[{"href":"http:\/\/weitblick-action.de\/index.php?rest_route=%2Fwp%2Fv2%2Fmedia&parent=134"}],"curies":[{"name":"wp","href":"https:\/\/api.w.org\/{rel}","templated":true}]}}