{"id":136,"date":"2017-11-08T12:42:55","date_gmt":"2017-11-08T11:42:55","guid":{"rendered":"http:\/\/weitblick-action.de\/?page_id=136"},"modified":"2018-05-23T17:06:14","modified_gmt":"2018-05-23T15:06:14","slug":"familienfest","status":"publish","type":"page","link":"http:\/\/weitblick-action.de\/?page_id=136","title":{"rendered":"Familienfest"},"content":{"rendered":"<div class=\"wpb-content-wrapper\"><p>[vc_row][vc_column][vc_column_text]<a href=\"http:\/\/weitblick-action.de\/wp\/wp-content\/uploads\/2018\/01\/Grafik-Weitblick-Familienfest.gif\"><img loading=\"lazy\" decoding=\"async\" class=\"alignleft wp-image-728 size-thumbnail\" src=\"http:\/\/weitblick-action.de\/wp\/wp-content\/uploads\/2018\/01\/Grafik-Weitblick-Familienfest-150x150.gif\" alt=\"\" width=\"150\" height=\"150\" \/><\/a>Beim Weitblick-Familienfest erprobten sich die Sch\u00fclerinnen und Sch\u00fcler im Eventmanagement. Als Initiatoren und Organisatoren der Veranstaltung stellten sie ein Unterhaltungsprogramm zusammen, das Geschicklichkeit, Spa\u00df, Sportlichkeit und K\u00f6pfchen erforderte. Als Lehrkraft erhielt man lediglich gelegentlich eine to-do-Liste, da sich die Abholung der Eistheke mit dem Auto ansonsten doch etwas schwierig gestaltet. Von der Familienolympiade mit Aufgaben f\u00fcr die Kleinen und Gro\u00dfen, \u00fcber ein Benefiz-Fu\u00dfballturnier bis hin zur English-Rallye, bei der man nicht nur schnell laufen, sondern auch die aktuellen Englischlektionen beherrschen musste, war f\u00fcr jeden etwas dabei. Der Erl\u00f6s kam dem Schulbau in Indien zu Gute. Und getreu dem Weitblick-Motto konnte man dabei sogar noch etwas lernen.[\/vc_column_text][vc_tta_accordion color=&#8221;juicy-pink&#8221; active_section=&#8221;100&#8243; no_fill=&#8221;true&#8221; collapsible_all=&#8221;true&#8221;][vc_tta_section title=&#8221;Ein Tag mit Weitblick&#8221; tab_id=&#8221;1518614802880-2152cedc-fa5c&#8221;][vc_column_text](Von Charlotte Demmel)<\/p>\n<p>Am 14. Juni 2008 fand auf dem Gel\u00e4nde unseres Gymnasiums das Weitblick Sommerfest statt. Ziel der Veranstaltung war es, wie bei den anderen Weitblick-Aktionen, dem Bau einer Schule f\u00fcr arme Kinder in Indien ein St\u00fcckchen n\u00e4her zu kommen.<\/p>\n<p>Vor einigen Wochen erreichte uns die Nachricht, dass ein Sommerfest f\u00fcr Weitblick geplant sei. Sofort fanden sich viele, die von der Idee begeistert waren und im Organisationsteam mithelfen, Flyer austragen und eine Spielstation leiten wollten.<\/p>\n<p>Unter der Leitung von Simon Sch\u00f6bel, Sophie G\u00f6\u00dfl, und Kristina van Deest begann alles, Form anzunehmen. Bereits gegen 12.30 Uhr trafen sich am Samstag einige Sch\u00fcler des Organisationsteams, um Tische, eine B\u00fchne und die Spielstationen aufzubauen. Als um 15.00 Uhr die ersten G\u00e4ste eintrafen, startete gerade die Englischrallye, bei der die F\u00fcnft- und Sechstkl\u00e4sslerInnen ihr englisches K\u00f6nnen unter Beweis stellen konnten. Neben einem Bobbycarrennen, einer Familien-Olympiade, Riesenseifenblasen, Wunden schminken, Dosen werfen, einem und einem Losestand warteten Kuchen, indisches und gegrilltes Essen auf die Besucher. Au\u00dferdem sorgte die Musik der Band \u201eThe Mikes\u201c f\u00fcr gute Stimmung.<\/p>\n<p>Um 16.00 Uhr begann das Benefiz-Fu\u00dfballturnier, das von f\u00fcnf Klassen der Unter- und Mittelstufe ausgetragen wurde. Jede der Klassen hatte sich daf\u00fcr Sponsoren gesucht, die pro Tor einen gewissen Betrag f\u00fcr das Weitblick-Projekt spendeten. Das Team, das die meisten Tore schoss, gewann (Team Klasse 8a\/8b). Trotz des zwischendurch nicht so guten Wetters, besuchten sehr viele Leute das Fest. Und auch die Bilanz zeigt, dass das Fest ein Erfolg war: Wir haben 1.351 Euro f\u00fcr den Schulbau in Indien eingenommen. Ein ganz herzliches Dankesch\u00f6n an alle, die mitgemacht haben.<br \/>\nUnd wieder einmal wurde bewiesen, dass man, w\u00e4hrend man Spa\u00df hat, anderen helfen kann.<\/p>\n<p>&nbsp;[\/vc_column_text][\/vc_tta_section][\/vc_tta_accordion][\/vc_column][\/vc_row]<\/p>\n<\/div>","protected":false},"excerpt":{"rendered":"<p>[vc_row][vc_column][vc_column_text]Beim Weitblick-Familienfest erprobten sich die Sch\u00fclerinnen und Sch\u00fcler im Eventmanagement. Als Initiatoren und Organisatoren der<br \/><a href=\"http:\/\/weitblick-action.de\/?page_id=136\" class=\"read-more\">Read More &raquo;<\/a><\/p>\n","protected":false},"author":1,"featured_media":728,"parent":48,"menu_order":0,"comment_status":"closed","ping_status":"closed","template":"","meta":{"footnotes":""},"class_list":["post-136","page","type-page","status-publish","has-post-thumbnail","hentry","blog-item"],"_links":{"self":[{"href":"http:\/\/weitblick-action.de\/index.php?rest_route=\/wp\/v2\/pages\/136","targetHints":{"allow":["GET"]}}],"collection":[{"href":"http:\/\/weitblick-action.de\/index.php?rest_route=\/wp\/v2\/pages"}],"about":[{"href":"http:\/\/weitblick-action.de\/index.php?rest_route=\/wp\/v2\/types\/page"}],"author":[{"embeddable":true,"href":"http:\/\/weitblick-action.de\/index.php?rest_route=\/wp\/v2\/users\/1"}],"replies":[{"embeddable":true,"href":"http:\/\/weitblick-action.de\/index.php?rest_route=%2Fwp%2Fv2%2Fcomments&post=136"}],"version-history":[{"count":10,"href":"http:\/\/weitblick-action.de\/index.php?rest_route=\/wp\/v2\/pages\/136\/revisions"}],"predecessor-version":[{"id":1258,"href":"http:\/\/weitblick-action.de\/index.php?rest_route=\/wp\/v2\/pages\/136\/revisions\/1258"}],"up":[{"embeddable":true,"href":"http:\/\/weitblick-action.de\/index.php?rest_route=\/wp\/v2\/pages\/48"}],"wp:featuredmedia":[{"embeddable":true,"href":"http:\/\/weitblick-action.de\/index.php?rest_route=\/wp\/v2\/media\/728"}],"wp:attachment":[{"href":"http:\/\/weitblick-action.de\/index.php?rest_route=%2Fwp%2Fv2%2Fmedia&parent=136"}],"curies":[{"name":"wp","href":"https:\/\/api.w.org\/{rel}","templated":true}]}}