{"id":140,"date":"2017-11-08T12:43:17","date_gmt":"2017-11-08T11:43:17","guid":{"rendered":"http:\/\/weitblick-action.de\/?page_id=140"},"modified":"2018-02-23T10:59:09","modified_gmt":"2018-02-23T09:59:09","slug":"wolpertingern-und-helfen","status":"publish","type":"page","link":"http:\/\/weitblick-action.de\/?page_id=140","title":{"rendered":"Wolpertingern und helfen"},"content":{"rendered":"<div class=\"wpb-content-wrapper\"><p>[vc_row][vc_column][vc_column_text]<a href=\"http:\/\/weitblick-action.de\/wp\/wp-content\/uploads\/2018\/01\/DSC05652.jpg\"><img loading=\"lazy\" decoding=\"async\" class=\"wp-image-744 size-large aligncenter\" src=\"http:\/\/weitblick-action.de\/wp\/wp-content\/uploads\/2018\/01\/DSC05652-1024x768.jpg\" alt=\"\" width=\"900\" height=\"675\" srcset=\"http:\/\/weitblick-action.de\/wp\/wp-content\/uploads\/2018\/01\/DSC05652-1024x768.jpg 1024w, http:\/\/weitblick-action.de\/wp\/wp-content\/uploads\/2018\/01\/DSC05652-300x225.jpg 300w, http:\/\/weitblick-action.de\/wp\/wp-content\/uploads\/2018\/01\/DSC05652-768x576.jpg 768w, http:\/\/weitblick-action.de\/wp\/wp-content\/uploads\/2018\/01\/DSC05652-340x255.jpg 340w, http:\/\/weitblick-action.de\/wp\/wp-content\/uploads\/2018\/01\/DSC05652.jpg 1440w\" sizes=\"auto, (max-width: 900px) 100vw, 900px\" \/><\/a><\/p>\n<p>&nbsp;<\/p>\n<p>(von Moritz Klingan, 5b)<\/p>\n<p>Sch\u00fclerinnen und Sch\u00fcler des Otto-von-Taube-Gymnasium haben es vielen Kindern, die nicht gef\u00f6rdert werden k\u00f6nnen, erm\u00f6glicht, in eine Schule zu gehen. Auch unsere Klasse 5b hat an diesem Projekt teilgenommen, armen Kindern in Indien Geld zu spenden:<\/p>\n<p>Was haben wir gemacht? Unsere Lehrerin Frau G\u00f6rlich hat uns gefragt, ob wir in unserem Wohnort von Gesch\u00e4ft zu Gesch\u00e4ft gehen und dort Sponsoren suchen wollen. So einfach war das gar nicht, die Gesch\u00e4ftsleute davon zu \u00fcberzeugen, dass von ihrer Spende f\u00fcr diesen guten Zweck sie selbst auch profitieren w\u00fcrden.<\/p>\n<p>Im Kunstunterricht malten wir mit Feder und Tusche Wolpertinger (ein Fabelwesen, das sich aus mehreren Lebewesen der heimischen Wildbahn zusammensetzt), die wir verkleinert in drei Teile schnitten \u2013 Kopf \u2013 Bauch \u2013 Unterleib, sodass diese Teile austauschbar wurden. Im Deutschunterricht schrieben wir mit Herrn Hesse Geschichten \u00fcber unseren Wolpertinger.<\/p>\n<p>S\u00e4mtliche Geschichten und Bilder kamen mit den Werbeflyern der Sponsoren in eine Schachtel, besser gesagt, es wurden \u00fcber 150 Schachteln, die wir am Weihnachtsbasar in unserer Schule fast alle verkauften. Der Erl\u00f6s geht wie der der anderen Klassen und ihren Aktionen direkt an Weitblick \u2013 Sch\u00fcler in Aktion.<\/p>\n<p>Der ganzen Klasse hat es gro\u00dfen Spa\u00df gemacht, zu schreiben und zeichnen, alles vorzubereiten und zu organisieren, die Sponsoren zu suchen, am Stand zu verkaufen und damit andern zu helfen, eine Schule besuchen zu k\u00f6nnen.<\/p>\n<p>&nbsp;<\/p>\n<p><a href=\"http:\/\/ovtg-alt.ovtg.de\/3_arbeit\/projekte\/weitblick\/index.html\">Wolpertingern und Helfen &#8211; Sch\u00fcler in Aktion<\/a><\/p>\n<p>&nbsp;<\/p>\n<p><a href=\"http:\/\/weitblick-action.de\/wp\/wp-content\/uploads\/2018\/01\/DSC05644.jpg\"><img loading=\"lazy\" decoding=\"async\" class=\"size-thumbnail wp-image-742 alignleft\" src=\"http:\/\/weitblick-action.de\/wp\/wp-content\/uploads\/2018\/01\/DSC05644-150x150.jpg\" alt=\"\" width=\"150\" height=\"150\" \/><\/a><a href=\"http:\/\/weitblick-action.de\/wp\/wp-content\/uploads\/2018\/01\/DSC05650.jpg\"><img loading=\"lazy\" decoding=\"async\" class=\"size-thumbnail wp-image-743 alignleft\" src=\"http:\/\/weitblick-action.de\/wp\/wp-content\/uploads\/2018\/01\/DSC05650-150x150.jpg\" alt=\"\" width=\"150\" height=\"150\" \/><\/a><a href=\"http:\/\/weitblick-action.de\/wp\/wp-content\/uploads\/2018\/01\/DSC05674.jpg\"><img loading=\"lazy\" decoding=\"async\" class=\"alignleft size-thumbnail wp-image-746\" src=\"http:\/\/weitblick-action.de\/wp\/wp-content\/uploads\/2018\/01\/DSC05674-150x150.jpg\" alt=\"\" width=\"150\" height=\"150\" \/><\/a>[\/vc_column_text][\/vc_column][\/vc_row]<\/p>\n<\/div>","protected":false},"excerpt":{"rendered":"<p>[vc_row][vc_column][vc_column_text] &nbsp; (von Moritz Klingan, 5b) Sch\u00fclerinnen und Sch\u00fcler des Otto-von-Taube-Gymnasium haben es vielen Kindern,<br \/><a href=\"http:\/\/weitblick-action.de\/?page_id=140\" class=\"read-more\">Read More &raquo;<\/a><\/p>\n","protected":false},"author":1,"featured_media":744,"parent":48,"menu_order":0,"comment_status":"closed","ping_status":"closed","template":"","meta":{"footnotes":""},"class_list":["post-140","page","type-page","status-publish","has-post-thumbnail","hentry","blog-item"],"_links":{"self":[{"href":"http:\/\/weitblick-action.de\/index.php?rest_route=\/wp\/v2\/pages\/140","targetHints":{"allow":["GET"]}}],"collection":[{"href":"http:\/\/weitblick-action.de\/index.php?rest_route=\/wp\/v2\/pages"}],"about":[{"href":"http:\/\/weitblick-action.de\/index.php?rest_route=\/wp\/v2\/types\/page"}],"author":[{"embeddable":true,"href":"http:\/\/weitblick-action.de\/index.php?rest_route=\/wp\/v2\/users\/1"}],"replies":[{"embeddable":true,"href":"http:\/\/weitblick-action.de\/index.php?rest_route=%2Fwp%2Fv2%2Fcomments&post=140"}],"version-history":[{"count":7,"href":"http:\/\/weitblick-action.de\/index.php?rest_route=\/wp\/v2\/pages\/140\/revisions"}],"predecessor-version":[{"id":1055,"href":"http:\/\/weitblick-action.de\/index.php?rest_route=\/wp\/v2\/pages\/140\/revisions\/1055"}],"up":[{"embeddable":true,"href":"http:\/\/weitblick-action.de\/index.php?rest_route=\/wp\/v2\/pages\/48"}],"wp:featuredmedia":[{"embeddable":true,"href":"http:\/\/weitblick-action.de\/index.php?rest_route=\/wp\/v2\/media\/744"}],"wp:attachment":[{"href":"http:\/\/weitblick-action.de\/index.php?rest_route=%2Fwp%2Fv2%2Fmedia&parent=140"}],"curies":[{"name":"wp","href":"https:\/\/api.w.org\/{rel}","templated":true}]}}