{"id":148,"date":"2017-11-08T12:44:33","date_gmt":"2017-11-08T11:44:33","guid":{"rendered":"http:\/\/weitblick-action.de\/?page_id=148"},"modified":"2018-05-23T17:08:39","modified_gmt":"2018-05-23T15:08:39","slug":"schreiben-und-helfen","status":"publish","type":"page","link":"http:\/\/weitblick-action.de\/?page_id=148","title":{"rendered":"Schreiben und helfen I"},"content":{"rendered":"<div class=\"wpb-content-wrapper\"><p>[vc_row][vc_column][vc_column_text]<\/p>\n<figure id=\"attachment_272\" aria-describedby=\"caption-attachment-272\" style=\"width: 300px\" class=\"wp-caption alignright\"><a href=\"http:\/\/weitblick-action.de\/wp\/wp-content\/uploads\/2017\/11\/aktion_schreiben_redaktionsfoto.jpg\"><img loading=\"lazy\" decoding=\"async\" class=\"wp-image-272 size-medium\" src=\"http:\/\/weitblick-action.de\/wp\/wp-content\/uploads\/2017\/11\/aktion_schreiben_redaktionsfoto-300x244.jpg\" alt=\"\" width=\"300\" height=\"244\" srcset=\"http:\/\/weitblick-action.de\/wp\/wp-content\/uploads\/2017\/11\/aktion_schreiben_redaktionsfoto-300x244.jpg 300w, http:\/\/weitblick-action.de\/wp\/wp-content\/uploads\/2017\/11\/aktion_schreiben_redaktionsfoto-768x625.jpg 768w, http:\/\/weitblick-action.de\/wp\/wp-content\/uploads\/2017\/11\/aktion_schreiben_redaktionsfoto-313x255.jpg 313w, http:\/\/weitblick-action.de\/wp\/wp-content\/uploads\/2017\/11\/aktion_schreiben_redaktionsfoto.jpg 800w\" sizes=\"auto, (max-width: 300px) 100vw, 300px\" \/><\/a><figcaption id=\"caption-attachment-272\" class=\"wp-caption-text\">Redaktionsfoto<\/figcaption><\/figure>\n<p>Das Projekt \u201eSchreiben und helfen\u201c einer sechsten Klasse in Gauting stellt den Anfangspunkt der Initiative \u201eWeitblick \u2013 Students in Action\u201c dar. Das Magazin entstand in einer Deutschintensivierungsstunde. Die Kinder vergleichen darin Aspekte aus Deutschland und Indien. Sie setzen sich entsprechend mit einer fremden Kultur auseinander und arbeiten zugleich an ihren Schreibkompetenzen. Heute sind die damaligen Gr\u00fcnder von Weitblick erwachsen. Manche engagieren sich noch immer f\u00fcr die Initiative. In jedem Fall haben sie etwas ganz Besonderes geschaffen.<\/p>\n<p>Das Projekt Schreiben und Helfen wurde bei <a href=\"?page_id=54#1510659994627-9f8bf445-4e59\">\u201eDeutscher Lehrerpreis. Unterricht innovativ\u201c<\/a> ausgezeichnet.<\/p>\n<p>&nbsp;<\/p>\n<p><a href=\"http:\/\/weitblick-action.de\/wp\/wp-content\/uploads\/2018\/01\/kid.jpg\"><img loading=\"lazy\" decoding=\"async\" class=\"wp-image-810 size-large alignnone\" src=\"http:\/\/weitblick-action.de\/wp\/wp-content\/uploads\/2018\/01\/kid-1024x945.jpg\" alt=\"\" width=\"900\" height=\"831\" srcset=\"http:\/\/weitblick-action.de\/wp\/wp-content\/uploads\/2018\/01\/kid-1024x945.jpg 1024w, http:\/\/weitblick-action.de\/wp\/wp-content\/uploads\/2018\/01\/kid-300x277.jpg 300w, http:\/\/weitblick-action.de\/wp\/wp-content\/uploads\/2018\/01\/kid-768x709.jpg 768w, http:\/\/weitblick-action.de\/wp\/wp-content\/uploads\/2018\/01\/kid-276x255.jpg 276w, http:\/\/weitblick-action.de\/wp\/wp-content\/uploads\/2018\/01\/kid.jpg 1170w\" sizes=\"auto, (max-width: 900px) 100vw, 900px\" \/><\/a><\/p>\n<p>&nbsp;<\/p>\n<p><strong>Schreiben und Helfen &#8211; ein Zeitungsprojekt der Klasse 6a<\/strong><\/p>\n<p>(Projektbeschreibung von Judith Wagenknecht, 6a)<\/p>\n<p>Hallo, wir sind das \u201eWeitblick-Team\u201c der Klasse 6a von dem Otto-von-Taube-Gymnasium. Wir haben in unserer Deutsch-Intensivierungsstunde eine Zeitung geschrieben, in der wir Deutschland und Indien miteinander vergleichen.<br \/>\nDer Inhalt der Zeitung wird von einer Rahmengeschichte umgeben, in der es um das deutsche M\u00e4dchen Jessika geht, das abends in ihrem Bett liegt, ein Buch liest und auf einmal mit ihrer fliegenden Bettdecke in Indien landet. Dort besiegt sie zusammen mit einem indischen Jungen einen b\u00f6sen Flaschengeist, der zugleich der Kioskbesitzer ihrer Schule ist. Als sie schlie\u00dflich wieder zu Hause ist, merkt sie, dass alles nur ein Traum war.<br \/>\nSanjay, so hei\u00dft der indische Junge in der Geschichte, nimmt Jessika auch einen Tag lang mit in seine Schule. Unser Heft ist darum wie ein Schultag aufgebaut. Zuerst k\u00f6nnt ihr etwas Hindi lernen, dann geht&#8217;s weiter mit Biologie. In der Mittagspause versorgen wir euch dann mit einer witzigen Sauerkrautgeschichte &#8211; Emil, das Sauerkraut berichtet live aus dem K\u00fchlschrank. Wenn ihr nicht gerade von Kohlk\u00f6pfen informiert werden wollt, k\u00f6nnt ihr auf die Weltenbummlerseite schauen. Wir haben n\u00e4mlich auch Indienkorrespondenten, die wir interviewt haben. Und &#8211; wer gern kostenlos Sport machen oder indisch essen m\u00f6chte &#8211; sollte sich an unser gro\u00dfes Gewinnspiel halten. Da Jessika Sanjay nat\u00fcrlich auch etwas von sich erz\u00e4hlt, findet ihr in unserem Heft zu jedem Thema etwas zu Deutschland und etwas zu Indien. Von dem Gewinn unserer Zeitung soll in Indien f\u00fcr arme Kinder eine Schule gebaut werden.[\/vc_column_text][vc_column_text]<\/p>\n<p style=\"text-align: center;\"><strong>Kurze Projektvorstellung<\/strong><\/p>\n<div style=\"width: 320px;\" class=\"wp-video\"><video class=\"wp-video-shortcode\" id=\"video-148-1\" width=\"320\" height=\"240\" poster=\"http:\/\/weitblick-action.de\/wp\/wp-content\/uploads\/2018\/01\/vlcsnap-2018-01-30-17h28m55s671.jpg\" preload=\"metadata\" controls=\"controls\"><source type=\"video\/ogg\" src=\"http:\/\/weitblick-action.de\/wp\/wp-content\/uploads\/2018\/01\/Indien_kurz.ogv?_=1\" \/><a href=\"http:\/\/weitblick-action.de\/wp\/wp-content\/uploads\/2018\/01\/Indien_kurz.ogv\">http:\/\/weitblick-action.de\/wp\/wp-content\/uploads\/2018\/01\/Indien_kurz.ogv<\/a><\/video><\/div>\n<p>[\/vc_column_text][vc_tta_accordion color=&#8221;juicy-pink&#8221; active_section=&#8221;100&#8243; no_fill=&#8221;true&#8221; collapsible_all=&#8221;true&#8221;][vc_tta_section title=&#8221;Editorial und Inhaltsverzeichnis&#8221; tab_id=&#8221;1517327112521-0fde3d56-1b58&#8243;][vc_column_text]Liebe Leserin, lieber Leser,<\/p>\n<p><a href=\"http:\/\/weitblick-action.de\/wp\/wp-content\/uploads\/2018\/01\/inhalts.jpg\"><img loading=\"lazy\" decoding=\"async\" class=\"size-full wp-image-805 alignright\" src=\"http:\/\/weitblick-action.de\/wp\/wp-content\/uploads\/2018\/01\/inhalts.jpg\" alt=\"\" width=\"180\" height=\"351\" srcset=\"http:\/\/weitblick-action.de\/wp\/wp-content\/uploads\/2018\/01\/inhalts.jpg 180w, http:\/\/weitblick-action.de\/wp\/wp-content\/uploads\/2018\/01\/inhalts-154x300.jpg 154w, http:\/\/weitblick-action.de\/wp\/wp-content\/uploads\/2018\/01\/inhalts-131x255.jpg 131w\" sizes=\"auto, (max-width: 180px) 100vw, 180px\" \/><\/a>wir freuen uns, Sie bei der ersten Ausgabe von Weitblick &#8211; Sch\u00fcler in Aktion begr\u00fc\u00dfen zu d\u00fcrfen. In diesem Themenheft werden wir unseren Blick in die Ferne schweifen lassen, in ein Land, das gegens\u00e4tzlicher nicht sein k\u00f6nnte: IT-Expertentum, boomende St\u00e4dte und gl\u00e4nzende Maharaja-Pal\u00e4ste, w\u00e4hrend gleichzeitig viele Menschen mit dem \u00dcberleben k\u00e4mpfen.<br \/>\nBegleiten Sie in diesem Heft das deutsche M\u00e4dchen Jessika und ihren indischen Freund Sanjay einen Schultag lang. Auf Ihrem Streifzug durch verschiedene Unterrichtsf\u00e4cher k\u00f6nnen Sie nicht nur einen kleinen Sprachkurs in Hindi belegen, sondern auch ihr Biologiewissen auffrischen, sich mit indischen G\u00f6ttern besch\u00e4ftigen oder erfahren, warum Mandalas rund sind. Da sich Jessika und Sanjay austauschen, werden auf jeder Doppelseite Aspekte aus beiden L\u00e4ndern angesprochen: Indien und Deutschland. Ob Sie in der Mittagspause die indische Bananensuppe oder doch den Sauerkrautsalat vorziehen, k\u00f6nnen Sie dann spontan entscheiden. Nat\u00fcrlich d\u00fcrfen Sie sich in den Pausen auch gern einfach zur\u00fccklehnen, R\u00e4tsel l\u00f6sen, \u00fcber Witze lachen oder sich in der Cafeteria mit Weltenbummlern aus verschiedensten L\u00e4ndern \u00fcber Indien unterhalten.<br \/>\nMit mehr als einer Milliarde Menschen hat Indien viele Gesichter. \u00dcber alle Facetten dieses faszinierenden Subkontinents zu berichten, w\u00fcrde sicher sogar mit Hilfe von Jessikas fliegender Bettdecke l\u00e4nger als 1001 Nacht dauern. Wir w\u00fcnschen Ihnen auf dem folgenden Ausflug jedoch interessante Einblicke und gute Unterhaltung.<\/p>\n<p>Herzlichst,<\/p>\n<p><strong>Ihr Weitblick &#8211; Team der Klasse 6a<\/strong>[\/vc_column_text][\/vc_tta_section][vc_tta_section title=&#8221;Gesamtzeitung als PDF&#8221; tab_id=&#8221;1517328940270-64220130-9957&#8243;][vc_column_text]<a href=\"http:\/\/weitblick-action.de\/wp\/wp-content\/uploads\/2018\/01\/magazin_gesamtdokument.pdf\"><img loading=\"lazy\" decoding=\"async\" class=\"size-full wp-image-803 aligncenter\" src=\"http:\/\/weitblick-action.de\/wp\/wp-content\/uploads\/2018\/01\/magazin.jpg\" alt=\"\" width=\"180\" height=\"252\" \/><\/a><\/p>\n<p style=\"text-align: center;\"><b><a href=\"http:\/\/weitblick-action.de\/wp\/wp-content\/uploads\/2018\/01\/magazin_gesamtdokument.pdf\"><span style=\"font-size: small;\">Gesamtzeitung<\/span><\/a><\/b><\/p>\n<p>[\/vc_column_text][\/vc_tta_section][\/vc_tta_accordion][\/vc_column][\/vc_row]<\/p>\n<\/div>","protected":false},"excerpt":{"rendered":"<p>[vc_row][vc_column][vc_column_text] Das Projekt \u201eSchreiben und helfen\u201c einer sechsten Klasse in Gauting stellt den Anfangspunkt der<br \/><a href=\"http:\/\/weitblick-action.de\/?page_id=148\" class=\"read-more\">Read More &raquo;<\/a><\/p>\n","protected":false},"author":1,"featured_media":811,"parent":48,"menu_order":0,"comment_status":"closed","ping_status":"closed","template":"","meta":{"footnotes":""},"class_list":["post-148","page","type-page","status-publish","has-post-thumbnail","hentry","blog-item"],"_links":{"self":[{"href":"http:\/\/weitblick-action.de\/index.php?rest_route=\/wp\/v2\/pages\/148","targetHints":{"allow":["GET"]}}],"collection":[{"href":"http:\/\/weitblick-action.de\/index.php?rest_route=\/wp\/v2\/pages"}],"about":[{"href":"http:\/\/weitblick-action.de\/index.php?rest_route=\/wp\/v2\/types\/page"}],"author":[{"embeddable":true,"href":"http:\/\/weitblick-action.de\/index.php?rest_route=\/wp\/v2\/users\/1"}],"replies":[{"embeddable":true,"href":"http:\/\/weitblick-action.de\/index.php?rest_route=%2Fwp%2Fv2%2Fcomments&post=148"}],"version-history":[{"count":20,"href":"http:\/\/weitblick-action.de\/index.php?rest_route=\/wp\/v2\/pages\/148\/revisions"}],"predecessor-version":[{"id":1260,"href":"http:\/\/weitblick-action.de\/index.php?rest_route=\/wp\/v2\/pages\/148\/revisions\/1260"}],"up":[{"embeddable":true,"href":"http:\/\/weitblick-action.de\/index.php?rest_route=\/wp\/v2\/pages\/48"}],"wp:featuredmedia":[{"embeddable":true,"href":"http:\/\/weitblick-action.de\/index.php?rest_route=\/wp\/v2\/media\/811"}],"wp:attachment":[{"href":"http:\/\/weitblick-action.de\/index.php?rest_route=%2Fwp%2Fv2%2Fmedia&parent=148"}],"curies":[{"name":"wp","href":"https:\/\/api.w.org\/{rel}","templated":true}]}}