{"id":156,"date":"2017-11-08T12:45:30","date_gmt":"2017-11-08T11:45:30","guid":{"rendered":"http:\/\/weitblick-action.de\/?page_id=156"},"modified":"2018-05-23T17:24:50","modified_gmt":"2018-05-23T15:24:50","slug":"idee","status":"publish","type":"page","link":"http:\/\/weitblick-action.de\/?page_id=156","title":{"rendered":"Idee"},"content":{"rendered":"<div class=\"wpb-content-wrapper\"><p>[vc_row][vc_column][vc_column_text]<a href=\"http:\/\/weitblick-action.de\/wp\/wp-content\/uploads\/2018\/04\/DSC06164_web.jpg\"><img loading=\"lazy\" decoding=\"async\" class=\"alignright wp-image-1116 size-medium\" src=\"http:\/\/weitblick-action.de\/wp\/wp-content\/uploads\/2018\/04\/DSC06164_web-300x225.jpg\" alt=\"\" width=\"300\" height=\"225\" srcset=\"http:\/\/weitblick-action.de\/wp\/wp-content\/uploads\/2018\/04\/DSC06164_web-300x225.jpg 300w, http:\/\/weitblick-action.de\/wp\/wp-content\/uploads\/2018\/04\/DSC06164_web-768x576.jpg 768w, http:\/\/weitblick-action.de\/wp\/wp-content\/uploads\/2018\/04\/DSC06164_web-1024x768.jpg 1024w, http:\/\/weitblick-action.de\/wp\/wp-content\/uploads\/2018\/04\/DSC06164_web-340x255.jpg 340w, http:\/\/weitblick-action.de\/wp\/wp-content\/uploads\/2018\/04\/DSC06164_web.jpg 1440w\" sizes=\"auto, (max-width: 300px) 100vw, 300px\" \/><\/a>Weitblick \u2013 Students in Action e.V. ist seit 29.3.2006 ein gemeinn\u00fctziger Verein, der auf internationaler Ebene Service-Learning-Projekte durchf\u00fchrt, das hei\u00dft Projekte, bei denen man etwas lernen kann, sich gemeinn\u00fctzig engagiert und nat\u00fcrlich auch Spa\u00df hat.<\/p>\n<p>Zun\u00e4chst wird gemeinsam ein gro\u00dfes Hyperprojekt, auch <a href=\"?page_id=100\">Weitblick-Projekt<\/a> genannt, festgelegt. Derzeit gibt es zwei Weitblick-Projekte: ein <a href=\"?page_id=100\">Schulprojekt<\/a> im indischen Bundesstaat Telangana und den <a href=\"?page_id=118\">Global Peace Path<\/a>. Diese gro\u00dfen Projekte werden verwirklicht, indem alle Beteiligten verschiedene kleine <a href=\"?page_id=48\">Projekte bzw. Aktionen<\/a> durchf\u00fchren (z.B. die Herausgabe eines Magazins, ein Benefizkonzert, Workshops, Kunstauktionen, Sportveranstaltungen etc.). Der Kreativit\u00e4t sind hier keine Grenzen gesetzt.<\/p>\n<p>Also, wer Spa\u00df an Projekten hat und sich f\u00fcr andere L\u00e4nder interessiert, ist herzlich eingeladen, bei uns mitzumachen.[\/vc_column_text][\/vc_column][\/vc_row]<\/p>\n<\/div>","protected":false},"excerpt":{"rendered":"<p>[vc_row][vc_column][vc_column_text]Weitblick \u2013 Students in Action e.V. ist seit 29.3.2006 ein gemeinn\u00fctziger Verein, der auf internationaler<br \/><a href=\"http:\/\/weitblick-action.de\/?page_id=156\" class=\"read-more\">Read More &raquo;<\/a><\/p>\n","protected":false},"author":1,"featured_media":0,"parent":52,"menu_order":0,"comment_status":"closed","ping_status":"closed","template":"","meta":{"footnotes":""},"class_list":["post-156","page","type-page","status-publish","hentry","blog-item"],"_links":{"self":[{"href":"http:\/\/weitblick-action.de\/index.php?rest_route=\/wp\/v2\/pages\/156","targetHints":{"allow":["GET"]}}],"collection":[{"href":"http:\/\/weitblick-action.de\/index.php?rest_route=\/wp\/v2\/pages"}],"about":[{"href":"http:\/\/weitblick-action.de\/index.php?rest_route=\/wp\/v2\/types\/page"}],"author":[{"embeddable":true,"href":"http:\/\/weitblick-action.de\/index.php?rest_route=\/wp\/v2\/users\/1"}],"replies":[{"embeddable":true,"href":"http:\/\/weitblick-action.de\/index.php?rest_route=%2Fwp%2Fv2%2Fcomments&post=156"}],"version-history":[{"count":5,"href":"http:\/\/weitblick-action.de\/index.php?rest_route=\/wp\/v2\/pages\/156\/revisions"}],"predecessor-version":[{"id":1263,"href":"http:\/\/weitblick-action.de\/index.php?rest_route=\/wp\/v2\/pages\/156\/revisions\/1263"}],"up":[{"embeddable":true,"href":"http:\/\/weitblick-action.de\/index.php?rest_route=\/wp\/v2\/pages\/52"}],"wp:attachment":[{"href":"http:\/\/weitblick-action.de\/index.php?rest_route=%2Fwp%2Fv2%2Fmedia&parent=156"}],"curies":[{"name":"wp","href":"https:\/\/api.w.org\/{rel}","templated":true}]}}