{"id":158,"date":"2017-11-08T12:45:44","date_gmt":"2017-11-08T11:45:44","guid":{"rendered":"http:\/\/weitblick-action.de\/?page_id=158"},"modified":"2018-05-24T12:15:49","modified_gmt":"2018-05-24T10:15:49","slug":"satzung","status":"publish","type":"page","link":"http:\/\/weitblick-action.de\/?page_id=158","title":{"rendered":"Satzung"},"content":{"rendered":"<p><strong>Vereinszweck (Satzungsauszug)<\/strong><\/p>\n<p><img loading=\"lazy\" decoding=\"async\" class=\"alignright wp-image-1323 size-medium\" src=\"http:\/\/weitblick-action.de\/wp\/wp-content\/uploads\/2018\/05\/learn-1241297-639x965-198x300.jpg\" alt=\"\" width=\"198\" height=\"300\" srcset=\"http:\/\/weitblick-action.de\/wp\/wp-content\/uploads\/2018\/05\/learn-1241297-639x965-198x300.jpg 198w, http:\/\/weitblick-action.de\/wp\/wp-content\/uploads\/2018\/05\/learn-1241297-639x965-169x255.jpg 169w, http:\/\/weitblick-action.de\/wp\/wp-content\/uploads\/2018\/05\/learn-1241297-639x965.jpg 639w\" sizes=\"auto, (max-width: 198px) 100vw, 198px\" \/>Der Verein basiert auf dem Konzept des Service Learning (dt.: \u201eLernen durch Engagement\u201c) und geht darum von zwei Zielen aus: Lernen und helfen. Der Hauptzweck des Vereins gliedert sich entsprechend in die F\u00f6rderung der Bildung und des gemeinn\u00fctzigen Engagements. Beide Aufgaben stehen dabei insbesondere im Dienste der V\u00f6lkerverst\u00e4ndigung.<\/p>\n<p>Der Satzungszweck wird wie folgt verwirklicht: die Mitglieder besch\u00e4ftigen sich mit anderen Kulturen, aber auch mit wichtigen Fragen des Lebens im Allgemeinen. Dies kann in Form von Unterrichtseinheiten, Vorlesungen, Kursen oder sonstigen Lehrveranstaltungen geschehen.<\/p>\n<p>W\u00e4hrend der Erkenntniszugewinn eine wichtige Rolle spielt, steht die Aktion in gleichem Ma\u00dfe im Vordergrund. Die Mitglieder f\u00fchren Projekte durch, die eine \u201eService\u201c-Komponente beinhalten, d.h. sie helfen anderen oder leisten grunds\u00e4tzlich durch ihr Handeln einen positiven Beitrag zur Gesellschaft. Das pers\u00f6nliche Engagement f\u00fcr die Welt, in der sie leben, soll dabei langfristig auch zu einer bewussteren und verantwortungsvolleren Lebensweise f\u00fchren. W\u00e4hrend die Mitglieder einerseits selbst Projekte durchf\u00fchren, ist andererseits auch die F\u00f6rderung gemeinn\u00fctziger Projekte m\u00f6glich.<\/p>\n<p>Der Verein verfolgt ausschlie\u00dflich und unmittelbar gemeinn\u00fctzige Zwecke im Sinne des Abschnitts \u201cSteuerbeg\u00fcnstigte Zwecke\u201c der Abgabenordnung.<\/p>\n","protected":false},"excerpt":{"rendered":"<p>Vereinszweck (Satzungsauszug) Der Verein basiert auf dem Konzept des Service Learning (dt.: \u201eLernen durch Engagement\u201c)<br \/><a href=\"http:\/\/weitblick-action.de\/?page_id=158\" class=\"read-more\">Read More &raquo;<\/a><\/p>\n","protected":false},"author":1,"featured_media":0,"parent":52,"menu_order":0,"comment_status":"closed","ping_status":"closed","template":"","meta":{"footnotes":""},"class_list":["post-158","page","type-page","status-publish","hentry","blog-item"],"_links":{"self":[{"href":"http:\/\/weitblick-action.de\/index.php?rest_route=\/wp\/v2\/pages\/158","targetHints":{"allow":["GET"]}}],"collection":[{"href":"http:\/\/weitblick-action.de\/index.php?rest_route=\/wp\/v2\/pages"}],"about":[{"href":"http:\/\/weitblick-action.de\/index.php?rest_route=\/wp\/v2\/types\/page"}],"author":[{"embeddable":true,"href":"http:\/\/weitblick-action.de\/index.php?rest_route=\/wp\/v2\/users\/1"}],"replies":[{"embeddable":true,"href":"http:\/\/weitblick-action.de\/index.php?rest_route=%2Fwp%2Fv2%2Fcomments&post=158"}],"version-history":[{"count":7,"href":"http:\/\/weitblick-action.de\/index.php?rest_route=\/wp\/v2\/pages\/158\/revisions"}],"predecessor-version":[{"id":1326,"href":"http:\/\/weitblick-action.de\/index.php?rest_route=\/wp\/v2\/pages\/158\/revisions\/1326"}],"up":[{"embeddable":true,"href":"http:\/\/weitblick-action.de\/index.php?rest_route=\/wp\/v2\/pages\/52"}],"wp:attachment":[{"href":"http:\/\/weitblick-action.de\/index.php?rest_route=%2Fwp%2Fv2%2Fmedia&parent=158"}],"curies":[{"name":"wp","href":"https:\/\/api.w.org\/{rel}","templated":true}]}}