{"id":160,"date":"2017-11-08T12:45:57","date_gmt":"2017-11-08T11:45:57","guid":{"rendered":"http:\/\/weitblick-action.de\/?page_id=160"},"modified":"2018-05-24T12:16:39","modified_gmt":"2018-05-24T10:16:39","slug":"mitgliedschaft","status":"publish","type":"page","link":"http:\/\/weitblick-action.de\/?page_id=160","title":{"rendered":"Mitgliedschaft"},"content":{"rendered":"<div class=\"wpb-content-wrapper\"><p>[vc_row][vc_column][vc_column_text]<img loading=\"lazy\" decoding=\"async\" class=\"alignright wp-image-919 size-thumbnail\" src=\"http:\/\/weitblick-action.de\/wp\/wp-content\/uploads\/2018\/02\/IMG-20170530-WA0170-150x150.jpg\" alt=\"\" width=\"150\" height=\"150\" \/>Der Verein richtet sich insbesondere an Sch\u00fclerinnen und Sch\u00fcler, Studentinnen und Studenten sowie Lehrpersonal jeglicher Bildungseinrichtungen. Mitglied kann jedoch grunds\u00e4tzlich jeder werden, der sich an unseren Projekten beteiligen m\u00f6chte und bereit ist, die Zielsetzungen des Vereins mitzutragen. Vereinsf\u00f6rdernde Mitglieder sind nat\u00fcrlich auch willkommen. Der Mitgliedereintritt, das hei\u00dft der Antrag auf Mitgliedschaft und gegebenenfalls die Best\u00e4tigung der Aufnahme in den Verein, sowie auch der Mitgliederaustritt erfolgen schriftlich oder per Email.\u00a0Die K\u00fcndigung ist jeder Zeit (ohne Frist) m\u00f6glich.<\/p>\n<p>Der Jahresbeitrag f\u00fcr Erwachsene betr\u00e4gt 15 Euro. Sch\u00fclerinnen und Sch\u00fcler k\u00f6nnen freiwillig einen Jahresbeitrag von 5 Euro leisten, sind aber genauso willkommen, wenn sie diesen Beitrag nicht bezahlen.<\/p>\n<p>Die Mitgliedschaft kann hier direkt \u00fcber ein Online-Formular beantragt werden.[\/vc_column_text][vc_tta_accordion style=&#8221;modern&#8221; color=&#8221;turquoise&#8221; c_align=&#8221;center&#8221; active_section=&#8221;100&#8243; collapsible_all=&#8221;true&#8221;][vc_tta_section title=&#8221;Online-Formular&#8221; tab_id=&#8221;1522850031944-6bc7f9fc-2a78&#8243;]\n<div class=\"wpcf7 no-js\" id=\"wpcf7-f9-o1\" lang=\"en-US\" dir=\"ltr\" data-wpcf7-id=\"9\">\n<div class=\"screen-reader-response\"><p role=\"status\" aria-live=\"polite\" aria-atomic=\"true\"><\/p> <ul><\/ul><\/div>\n<form action=\"\/index.php?rest_route=%2Fwp%2Fv2%2Fpages%2F160#wpcf7-f9-o1\" method=\"post\" class=\"wpcf7-form init\" aria-label=\"Contact form\" novalidate=\"novalidate\" data-status=\"init\">\n<fieldset class=\"hidden-fields-container\"><input type=\"hidden\" name=\"_wpcf7\" value=\"9\" \/><input type=\"hidden\" name=\"_wpcf7_version\" value=\"6.1.5\" \/><input type=\"hidden\" name=\"_wpcf7_locale\" value=\"en_US\" \/><input type=\"hidden\" name=\"_wpcf7_unit_tag\" value=\"wpcf7-f9-o1\" \/><input type=\"hidden\" name=\"_wpcf7_container_post\" value=\"0\" \/><input type=\"hidden\" name=\"_wpcf7_posted_data_hash\" value=\"\" \/>\n<\/fieldset>\n<p>Pers\u00f6nliche Daten\n<\/p>\n<p><label> Anrede <\/label><span class=\"wpcf7-form-control-wrap\" data-name=\"anrede\"><span class=\"wpcf7-form-control wpcf7-checkbox wpcf7-validates-as-required wpcf7-exclusive-checkbox\"><span class=\"wpcf7-list-item first\"><input type=\"checkbox\" name=\"anrede\" value=\"Herr\" \/><span class=\"wpcf7-list-item-label\">Herr<\/span><\/span><span class=\"wpcf7-list-item\"><input type=\"checkbox\" name=\"anrede\" value=\"Frau\" \/><span class=\"wpcf7-list-item-label\">Frau<\/span><\/span><span class=\"wpcf7-list-item last\"><input type=\"checkbox\" name=\"anrede\" value=\"keine\" \/><span class=\"wpcf7-list-item-label\">keine<\/span><\/span><\/span><\/span>\n<\/p>\n<p><label> Vorname<br \/>\n<span class=\"wpcf7-form-control-wrap\" data-name=\"vorname\"><input size=\"40\" maxlength=\"400\" minlength=\"3\" class=\"wpcf7-form-control wpcf7-text wpcf7-validates-as-required\" aria-required=\"true\" aria-invalid=\"false\" value=\"\" type=\"text\" name=\"vorname\" \/><\/span> <\/label>\n<\/p>\n<p><label> Nachname<br \/>\n<span class=\"wpcf7-form-control-wrap\" data-name=\"nachname\"><input size=\"40\" maxlength=\"400\" minlength=\"2\" class=\"wpcf7-form-control wpcf7-text wpcf7-validates-as-required\" aria-required=\"true\" aria-invalid=\"false\" value=\"\" type=\"text\" name=\"nachname\" \/><\/span> <\/label>\n<\/p>\n<p><label> Stra\u00dfe und Hausnummer<br \/>\n<span class=\"wpcf7-form-control-wrap\" data-name=\"adresse\"><input size=\"40\" maxlength=\"400\" minlength=\"5\" class=\"wpcf7-form-control wpcf7-text wpcf7-validates-as-required\" aria-required=\"true\" aria-invalid=\"false\" value=\"\" type=\"text\" name=\"adresse\" \/><\/span> <\/label>\n<\/p>\n<p><label> PLZ und Ort<br \/>\n<span class=\"wpcf7-form-control-wrap\" data-name=\"plzundort\"><input size=\"40\" maxlength=\"400\" minlength=\"8\" class=\"wpcf7-form-control wpcf7-text wpcf7-validates-as-required\" aria-required=\"true\" aria-invalid=\"false\" value=\"\" type=\"text\" name=\"plzundort\" \/><\/span> <\/label>\n<\/p>\n<p><label> Telefon ( Vorwahl \/ Nummer )<br \/>\n<span class=\"wpcf7-form-control-wrap\" data-name=\"telefon\"><input size=\"40\" maxlength=\"400\" minlength=\"5\" class=\"wpcf7-form-control wpcf7-tel wpcf7-validates-as-required wpcf7-text wpcf7-validates-as-tel\" aria-required=\"true\" aria-invalid=\"false\" value=\"\" type=\"tel\" name=\"telefon\" \/><\/span> <\/label>\n<\/p>\n<p><label> Telefax ( Vorwahl \/ Nummer ), falls vorhanden:<br \/>\n<span class=\"wpcf7-form-control-wrap\" data-name=\"fax\"><input size=\"40\" maxlength=\"400\" class=\"wpcf7-form-control wpcf7-tel wpcf7-text wpcf7-validates-as-tel\" aria-invalid=\"false\" value=\"\" type=\"tel\" name=\"fax\" \/><\/span> <\/label>\n<\/p>\n<p><label> Email<br \/>\n<span class=\"wpcf7-form-control-wrap\" data-name=\"email\"><input size=\"40\" maxlength=\"400\" class=\"wpcf7-form-control wpcf7-email wpcf7-validates-as-required wpcf7-text wpcf7-validates-as-email\" aria-required=\"true\" aria-invalid=\"false\" value=\"\" type=\"email\" name=\"email\" \/><\/span> <\/label>\n<\/p>\n<p><label> Sch\u00fcler\/innen: derzeitige Schule (Name \/ Ort)<br \/>\n<span class=\"wpcf7-form-control-wrap\" data-name=\"schule\"><input size=\"40\" maxlength=\"400\" class=\"wpcf7-form-control wpcf7-text\" aria-invalid=\"false\" value=\"\" type=\"text\" name=\"schule\" \/><\/span> <\/label>\n<\/p>\n<p><label> Geburtsdatum<br \/>\n<span class=\"wpcf7-form-control-wrap\" data-name=\"geburtsdatum\"><input class=\"wpcf7-form-control wpcf7-date wpcf7-validates-as-required wpcf7-validates-as-date\" aria-required=\"true\" aria-invalid=\"false\" value=\"\" type=\"date\" name=\"geburtsdatum\" \/><\/span> <\/label>\n<\/p>\n<p>Zahlungsweise: Aus Aufwandsgr\u00fcnden bitten wir um Erteilung einer Einzugserm\u00e4chtigung. Es wird pro Kalenderjahr abgerechnet. Wird eine eine andere Zahlungsart vorgezogen, bleiben die folgenden drei Felder einfach leer.\n<\/p>\n<p><label> BLZ<br \/>\n<span class=\"wpcf7-form-control-wrap\" data-name=\"blz\"><input size=\"40\" maxlength=\"400\" minlength=\"8\" class=\"wpcf7-form-control wpcf7-text wpcf7-validates-as-required\" aria-required=\"true\" aria-invalid=\"false\" value=\"\" type=\"text\" name=\"blz\" \/><\/span> <\/label>\n<\/p>\n<p><label> IBAN<br \/>\n<span class=\"wpcf7-form-control-wrap\" data-name=\"iban\"><input size=\"40\" maxlength=\"400\" minlength=\"22\" class=\"wpcf7-form-control wpcf7-text wpcf7-validates-as-required\" aria-required=\"true\" aria-invalid=\"false\" value=\"\" type=\"text\" name=\"iban\" \/><\/span> <\/label>\n<\/p>\n<p><label> Name der Bank<br \/>\n<span class=\"wpcf7-form-control-wrap\" data-name=\"bankname\"><input size=\"40\" maxlength=\"400\" minlength=\"3\" class=\"wpcf7-form-control wpcf7-text wpcf7-validates-as-required\" aria-required=\"true\" aria-invalid=\"false\" value=\"\" type=\"text\" name=\"bankname\" \/><\/span> <\/label>\n<\/p>\n<p><label> Kommentare <\/label> Weitere Fragen und Anmerkungen bitte hier eintragen. <span class=\"wpcf7-form-control-wrap\" data-name=\"kommentare\"><textarea cols=\"40\" rows=\"10\" maxlength=\"2000\" class=\"wpcf7-form-control wpcf7-textarea\" aria-invalid=\"false\" name=\"kommentare\"><\/textarea><\/span>\n<\/p>\n<p><label> <span class=\"wpcf7-form-control-wrap\" data-name=\"jaichwill\"><span class=\"wpcf7-form-control wpcf7-acceptance\"><span class=\"wpcf7-list-item\"><input type=\"checkbox\" name=\"jaichwill\" value=\"1\" aria-invalid=\"false\" \/><\/span><\/span><\/span> Ja, ich will Mitglied bei Weitblick - Students in Action e.V. werden <\/label>\n<\/p>\n<p><input class=\"wpcf7-form-control wpcf7-submit has-spinner\" type=\"submit\" value=\"Antrag abschicken\" \/>\n<\/p><div class=\"wpcf7-response-output\" aria-hidden=\"true\"><\/div>\n<\/form>\n<\/div>\n[\/vc_tta_section][\/vc_tta_accordion][vc_separator][vc_column_text]Auch der traditionelle Weg per Brief oder Email ist m\u00f6glich:<\/p>\n<p><strong>Kontaktadresse<\/strong><\/p>\n<p>Weitblick \u2013 Students in Action e.V.<br \/>\nSchachenweg 6<br \/>\n85757 Karlsfeld<br \/>\nTel.: 0151-50758636<\/p>\n<p>oder: <a href=\"mailto:info@weitblick-action.de\" target=\"_blank\" rel=\"noopener\">info@weitblick-action.de<\/a>[\/vc_column_text][vc_separator][\/vc_column][\/vc_row]<\/p>\n<\/div>","protected":false},"excerpt":{"rendered":"<p>[vc_row][vc_column][vc_column_text]Der Verein richtet sich insbesondere an Sch\u00fclerinnen und Sch\u00fcler, Studentinnen und Studenten sowie Lehrpersonal jeglicher<br \/><a href=\"http:\/\/weitblick-action.de\/?page_id=160\" class=\"read-more\">Read More &raquo;<\/a><\/p>\n","protected":false},"author":1,"featured_media":0,"parent":52,"menu_order":0,"comment_status":"closed","ping_status":"closed","template":"","meta":{"footnotes":""},"class_list":["post-160","page","type-page","status-publish","hentry","blog-item"],"_links":{"self":[{"href":"http:\/\/weitblick-action.de\/index.php?rest_route=\/wp\/v2\/pages\/160","targetHints":{"allow":["GET"]}}],"collection":[{"href":"http:\/\/weitblick-action.de\/index.php?rest_route=\/wp\/v2\/pages"}],"about":[{"href":"http:\/\/weitblick-action.de\/index.php?rest_route=\/wp\/v2\/types\/page"}],"author":[{"embeddable":true,"href":"http:\/\/weitblick-action.de\/index.php?rest_route=\/wp\/v2\/users\/1"}],"replies":[{"embeddable":true,"href":"http:\/\/weitblick-action.de\/index.php?rest_route=%2Fwp%2Fv2%2Fcomments&post=160"}],"version-history":[{"count":16,"href":"http:\/\/weitblick-action.de\/index.php?rest_route=\/wp\/v2\/pages\/160\/revisions"}],"predecessor-version":[{"id":1327,"href":"http:\/\/weitblick-action.de\/index.php?rest_route=\/wp\/v2\/pages\/160\/revisions\/1327"}],"up":[{"embeddable":true,"href":"http:\/\/weitblick-action.de\/index.php?rest_route=\/wp\/v2\/pages\/52"}],"wp:attachment":[{"href":"http:\/\/weitblick-action.de\/index.php?rest_route=%2Fwp%2Fv2%2Fmedia&parent=160"}],"curies":[{"name":"wp","href":"https:\/\/api.w.org\/{rel}","templated":true}]}}