{"id":166,"date":"2017-11-08T12:46:36","date_gmt":"2017-11-08T11:46:36","guid":{"rendered":"http:\/\/weitblick-action.de\/?page_id=166"},"modified":"2018-05-23T17:51:14","modified_gmt":"2018-05-23T15:51:14","slug":"weitblick-zertifikat","status":"publish","type":"page","link":"http:\/\/weitblick-action.de\/?page_id=166","title":{"rendered":"Weitblick-Zertifikat"},"content":{"rendered":"<div class=\"wpb-content-wrapper\"><p>[vc_row][vc_column][vc_column_text]<strong>Herausragendes Engagement zeichnen wir einem Weitblick-Zertifikat aus.<\/strong><\/p>\n<p>Je nach Art des Projekts oder der erbrachten Leistung k\u00f6nnen f\u00fcnf verschiedene Zertifikate erworben werden:<\/p>\n<ol>\n<li><a href=\"http:\/\/weitblick-action.de\/wp\/wp-content\/uploads\/2018\/05\/zertifikat_klasse_muster_l.jpg\"><strong>Klasse mit Weitblick<\/strong><\/a> Dieses Zertifikat wird Schulklassen verliehen, denen die erfolgreiche Durchf\u00fchrung eines undhelfen-Projekts gelingt.<\/li>\n<li><a href=\"http:\/\/weitblick-action.de\/wp\/wp-content\/uploads\/2018\/05\/zertifikat_arbeitsgruppe_muster_l.jpg\"><strong>Arbeitsgruppe mit Weitblick<\/strong><\/a> Undhelfen-Projekte k\u00f6nnen nat\u00fcrlich auch au\u00dferhalb des Klassenverbandes stattfinden. Die Leistung engagierter Arbeitsgruppen wird darum mit dem Zertifikat Arbeitsgruppe mit Weitblick honoriert.<\/li>\n<li><a href=\"http:\/\/weitblick-action.de\/wp\/wp-content\/uploads\/2018\/05\/zertifikat_business_muster_l.jpg\"><strong>Business mit Weitblick<\/strong><\/a> Diese Auszeichnung erhalten Firmen, die ein undhelfen-Projekt durchf\u00fchren und sich so mit ihrem Expertenwissen auf innovative Weise f\u00fcr Bildung und soziales Engagement einsetzen.<\/li>\n<li><a href=\"http:\/\/weitblick-action.de\/wp\/wp-content\/uploads\/2018\/05\/zertifikat_menschen_muster_l.jpg\"><strong>Menschen mit Weitblick<\/strong><\/a> Bei diesem Zertifikat handelt es sich um eine Auszeichnung, die Menschen verliehen wird, die den Verein Weitblick &#8211; Sch\u00fcler in Aktion e.V. auf au\u00dfergew\u00f6hnliche Weise und durch eine besondere pers\u00f6nliche Leistung bei der Verwirklichung seiner Ziele unterst\u00fctzen.Die Entscheidung, wer mit einem Weitblick-Zertifikat ausgezeichnet wird, entscheiden die Mitglieder zusammen mit der Vorstandschaft des Vereins. Der Rechtsweg ist bei der Zertifikatvergabe ausgeschlossen.<\/li>\n<\/ol>\n<p>[\/vc_column_text][vc_column_text]<\/p>\n<h5><\/h5>\n<h5>Erste Weitblick-Zertifikatvergabe 2006<\/h5>\n<p>&nbsp;<\/p>\n<p>Sie haben Gro\u00dfartiges geleistet und wurden daf\u00fcr ausgezeichnet&#8230;<\/p>\n<p>&nbsp;<\/p>\n<p><strong>Dank f\u00fcr gro\u00dfartiges Engagement<\/strong><\/p>\n<p>Es war ein Highlight in der noch sehr jungen Weitblick-Geschichte. Am 30.10.2006 fand im Sassi in M\u00fcnchen die erste Weitblick-Zertifikatvergabe statt. Ein gro\u00dfes Kompliment f\u00fcr das Geleistete und ein herzliches Dankesch\u00f6n gehen an:[\/vc_column_text][vc_gallery type=&#8221;image_grid&#8221; images=&#8221;1152,1153,1154&#8243; img_size=&#8221;220&#215;220&#8243;][vc_column_text]<\/p>\n<ul>\n<li>Klasse 6a aus Gauting: Projekt &#8220;Schreiben und Helfen&#8221;<\/li>\n<li>Klasse 8b aus Starnberg: Projekt &#8220;Lesen und Helfen&#8221;<\/li>\n<li>Arbeitsgruppe &#8220;Vertonung poetischer Texte&#8221; unter der Leitung von Gregory Nohr: &#8220;Poetische Texte vertonen und Helfen&#8221;<\/li>\n<li>Stephan Bender: grafische Unterst\u00fctzung beim Projekt &#8220;Schreiben und Helfen&#8221;, Gestaltung des Weitblick-Logos<\/li>\n<li>Jonas Ritter: Durchf\u00fchrung einer Speed-Reading-Veranstaltung im Rahmen des Projekts &#8220;Lesen und Helfen&#8221;<\/li>\n<li>Timo Christ: Design und Administration der Weitblick-Homepage<\/li>\n<\/ul>\n<p>[\/vc_column_text][vc_masonry_media_grid style=&#8221;load-more&#8221; items_per_page=&#8221;5&#8243; grid_id=&#8221;vc_gid:1527090630409-4686140a0d48ae6d3a26418873409967-9&#8243; include=&#8221;1181,1179,1180,1178,1177,1176,1175,1174,1173,1172,1171,1170,1169,1168,1166,1167,1165,1164,1163,1162,1161,1160,1159,1158,1157,1156,1154,1153,1152&#8243; btn_add_icon=&#8221;true&#8221; btn_custom_onclick=&#8221;true&#8221;][vc_tta_accordion color=&#8221;peacoc&#8221; active_section=&#8221;100&#8243; no_fill=&#8221;true&#8221; collapsible_all=&#8221;true&#8221;][vc_tta_section title=&#8221;Weitblick-Zertifikatvergabe 2006&#8243; tab_id=&#8221;1527090241246-00301458-3346&#8243;][vc_column_text](Von Julia Behr, 9b)<\/p>\n<p>Wer dachte, dass die Arbeit mit Weitblick unbelohnt bliebe, der wurde an diesem Abend gr\u00fcndlich entt\u00e4uscht, denn an diesem Tag ging keiner mit leeren H\u00e4nden nach Hause und auch nicht mit leerem Magen.<\/p>\n<p>Alles fing, nicht bei jedem, aber bei dem Teil unserer Klasse, mit einer S- Bahnfahrt von Starberg See nach M\u00fcnchen an und mit der Suche des richtigen Restaurants, dem Sassi in der Volkartstra\u00dfe, in der es, als kleine Randbemerkung, sehr viele Restaurants gibt! Um 20 Uhr war dort auf jeden Fall Treffpunkt. Wir, p\u00fcnktlich auf die Minute (na ja nicht ganz, aber immerhin fast) kommen an und werden begr\u00fc\u00dft, wie die anderen, die schon da waren wahrscheinlich auch. Es waren mehr Leute da als wir gedacht hatten, aber das machte nichts. Im Gegenteil. Weil n\u00e4mlich kein Platz am Tisch mehr frei war, bekamen wir (d.h. der Teil unserer Klasse, der gekommen ist) ein eigenes Zimmer, das wir erst einmal gr\u00fcndlich umger\u00e4umt haben, damit wir alle an einem Tisch sitzen konnten, ob das dem Besitzer gefallen hat? Beschwert hat er sich auf jeden Fall nicht.<\/p>\n<p>Nach der Ankunft also konnten wir etwas zu trinken bestellen und hatten auch noch ein bisschen Zeit uns zu unterhalten, dann ging es richtig los.<\/p>\n<p>Zuerst wurden die Projekte vorgestellt. Als erstes kam das Projekt \u201eSchreiben und Helfen\u201c an die Reihe. Uns wurde ein Film gezeigt, in dem zu sehen war, wie viel Arbeit in der, f\u00fcr das Projekt angefertigten, Zeitung \u00fcber Indien steckte.<\/p>\n<p>Dann erfuhren wir noch etwas \u00fcber das Projekt \u201eGedichte vertonen und Helfen\u201c und schlie\u00dflich \u00fcber \u201eLesen und Helfen\u201c, unser Projekt. Am Schluss wurde noch die Hompage gezeigt und die tollen Fotos, die wir daf\u00fcr gemacht haben. Anschlie\u00dfend wurden die Zertifikate verteilt, f\u00fcr jeden eines und den Rest unserer Klasse auch. Wenn die w\u00fcssten, was sie verpasst haben, denn wir hatten alle gro\u00dfen Spa\u00df.<\/p>\n<p>Am Schluss konnten wir alle noch etwas zu essen bestellen, auch wenn es in der PIZZERIA keine Pizza gab, ist glaube ich keiner hungrig geblieben, es gab ja noch Salat, der daf\u00fcr sehr gut war.<\/p>\n<p>Alles in allem war es ein sehr gut organisierter und witziger Abend, den man auf jeden Fall wiederholen k\u00f6nnte.[\/vc_column_text][\/vc_tta_section][\/vc_tta_accordion][\/vc_column][\/vc_row]<\/p>\n<\/div>","protected":false},"excerpt":{"rendered":"<p>[vc_row][vc_column][vc_column_text]Herausragendes Engagement zeichnen wir einem Weitblick-Zertifikat aus. Je nach Art des Projekts oder der erbrachten<br \/><a href=\"http:\/\/weitblick-action.de\/?page_id=166\" class=\"read-more\">Read More &raquo;<\/a><\/p>\n","protected":false},"author":1,"featured_media":0,"parent":52,"menu_order":0,"comment_status":"closed","ping_status":"closed","template":"","meta":{"footnotes":""},"class_list":["post-166","page","type-page","status-publish","hentry","blog-item"],"_links":{"self":[{"href":"http:\/\/weitblick-action.de\/index.php?rest_route=\/wp\/v2\/pages\/166","targetHints":{"allow":["GET"]}}],"collection":[{"href":"http:\/\/weitblick-action.de\/index.php?rest_route=\/wp\/v2\/pages"}],"about":[{"href":"http:\/\/weitblick-action.de\/index.php?rest_route=\/wp\/v2\/types\/page"}],"author":[{"embeddable":true,"href":"http:\/\/weitblick-action.de\/index.php?rest_route=\/wp\/v2\/users\/1"}],"replies":[{"embeddable":true,"href":"http:\/\/weitblick-action.de\/index.php?rest_route=%2Fwp%2Fv2%2Fcomments&post=166"}],"version-history":[{"count":13,"href":"http:\/\/weitblick-action.de\/index.php?rest_route=\/wp\/v2\/pages\/166\/revisions"}],"predecessor-version":[{"id":1276,"href":"http:\/\/weitblick-action.de\/index.php?rest_route=\/wp\/v2\/pages\/166\/revisions\/1276"}],"up":[{"embeddable":true,"href":"http:\/\/weitblick-action.de\/index.php?rest_route=\/wp\/v2\/pages\/52"}],"wp:attachment":[{"href":"http:\/\/weitblick-action.de\/index.php?rest_route=%2Fwp%2Fv2%2Fmedia&parent=166"}],"curies":[{"name":"wp","href":"https:\/\/api.w.org\/{rel}","templated":true}]}}