{"id":2125,"date":"2023-07-10T15:52:05","date_gmt":"2023-07-10T13:52:05","guid":{"rendered":"http:\/\/weitblick-action.de\/?page_id=2125"},"modified":"2023-07-11T09:00:46","modified_gmt":"2023-07-11T07:00:46","slug":"memes-me-making-a-difference","status":"publish","type":"page","link":"http:\/\/weitblick-action.de\/?page_id=2125","title":{"rendered":"Memes, Me &#038; Making a Difference"},"content":{"rendered":"<p><img loading=\"lazy\" decoding=\"async\" class=\"alignnone size-full wp-image-2127\" src=\"http:\/\/weitblick-action.de\/wp\/wp-content\/uploads\/2023\/07\/Cover.png\" alt=\"\" width=\"1025\" height=\"764\" srcset=\"http:\/\/weitblick-action.de\/wp\/wp-content\/uploads\/2023\/07\/Cover.png 1025w, http:\/\/weitblick-action.de\/wp\/wp-content\/uploads\/2023\/07\/Cover-300x224.png 300w, http:\/\/weitblick-action.de\/wp\/wp-content\/uploads\/2023\/07\/Cover-768x572.png 768w, http:\/\/weitblick-action.de\/wp\/wp-content\/uploads\/2023\/07\/Cover-340x253.png 340w\" sizes=\"auto, (max-width: 1025px) 100vw, 1025px\" \/><\/p>\n<p><strong>Memes, Me &amp; Making a Difference<\/strong><\/p>\n<p><strong>Digital Trends, Identity &amp; Citizenship<\/strong><\/p>\n<p>W\u00e4hrend digitale Medien in der heutigen Welt eine Selbstverst\u00e4ndlichkeit geworden sind, ist <em>Digital Citizenship Education<\/em> im Fremdsprachenunterricht eine neuere Entwicklung. Im Vordergrund steht dabei nicht nur die Nutzung und kritische Reflexion digitaler Medien und Produkte, sondern auch, gesellschaftlich aktiv zu werden.<\/p>\n<p>Lehramtsstudierende der LMU haben im Sommersemester 2023 im Rahmen des Kurses \u2018Digital Education in the Foreign Language Classroom\u2019 ein Projekt durchgef\u00fchrt, das zum Ziel hatte, Negativit\u00e4t im Internet zu identifizieren, um dieser anschlie\u00dfend mit positiven Impulsen entgegenzuwirken. Die Recherche umfasste z.B. <em>Hate Speech<\/em>, <em>Fake News<\/em>, <em>Toxicity in Gaming<\/em> oder <em>Problematic Beauty Cults<\/em>. Um ein Bewusstsein f\u00fcr diese Probleme zu schaffen und zugleich Hoffnung, Positivit\u00e4t und L\u00f6sungsans\u00e4tze zu verbreiten, kreierten die Studierenden 14 <em>Memes<\/em>. Da <em>Memes <\/em>eine im Internet sehr verbreitete Ausdrucksform sind, die auf oft humorvolle Weise Bild und Text verbindet, erschien dieses Medium passend.<\/p>\n<p>Die Ergebnisse wurden in einem digitalen Buch zusammengefasst und sowohl online als auch vor Ort beim Symposium &#8216;<a href=\"https:\/\/www.dicelang.anglistik.uni-muenchen.de\/dicelang_symposium\/index.html\">Digital Citizenship and Foreign Language Education<\/a>&#8216; an der LMU in M\u00fcnchen pr\u00e4sentiert.<\/p>\n<p>&nbsp;<\/p>\n<p><strong>Link zum digitalen Buch mit allen <em>Memes<\/em>:<\/strong><\/p>\n<p><a href=\"https:\/\/read.bookcreator.com\/7oxNPMT7O3dGUYWWFBuwWAeGbbp2\/hLoh2TDHQfOJ2Gn1GCypRg\">Memes, Me &amp; Making a Difference<\/a><\/p>\n<p>PDF (falls die bl\u00e4tterbare Version nicht ge\u00f6ffnet werden kann):<\/p>\n<p><a href=\"http:\/\/weitblick-action.de\/wp\/wp-content\/uploads\/2023\/07\/Memes-Me-Making-a-Difference.pdf\">Memes Me &amp; Making a Difference<\/a><\/p>\n<p><strong>Instagram<\/strong>: #memesagainstnegativity<\/p>\n<p><img loading=\"lazy\" decoding=\"async\" class=\"alignnone size-full wp-image-2132\" src=\"http:\/\/weitblick-action.de\/wp\/wp-content\/uploads\/2023\/07\/20230614_110156-1-scaled.jpg\" alt=\"\" width=\"2560\" height=\"2020\" srcset=\"http:\/\/weitblick-action.de\/wp\/wp-content\/uploads\/2023\/07\/20230614_110156-1-scaled.jpg 2560w, http:\/\/weitblick-action.de\/wp\/wp-content\/uploads\/2023\/07\/20230614_110156-1-300x237.jpg 300w, http:\/\/weitblick-action.de\/wp\/wp-content\/uploads\/2023\/07\/20230614_110156-1-1024x808.jpg 1024w, http:\/\/weitblick-action.de\/wp\/wp-content\/uploads\/2023\/07\/20230614_110156-1-768x606.jpg 768w, http:\/\/weitblick-action.de\/wp\/wp-content\/uploads\/2023\/07\/20230614_110156-1-1536x1212.jpg 1536w, http:\/\/weitblick-action.de\/wp\/wp-content\/uploads\/2023\/07\/20230614_110156-1-2048x1616.jpg 2048w, http:\/\/weitblick-action.de\/wp\/wp-content\/uploads\/2023\/07\/20230614_110156-1-323x255.jpg 323w\" sizes=\"auto, (max-width: 2560px) 100vw, 2560px\" \/>Projektgruppe<\/p>\n<p>&nbsp;<\/p>\n<p><img loading=\"lazy\" decoding=\"async\" class=\"alignnone size-full wp-image-2130\" src=\"http:\/\/weitblick-action.de\/wp\/wp-content\/uploads\/2023\/07\/20230623_152633-scaled.jpg\" alt=\"\" width=\"2560\" height=\"1700\" srcset=\"http:\/\/weitblick-action.de\/wp\/wp-content\/uploads\/2023\/07\/20230623_152633-scaled.jpg 2560w, http:\/\/weitblick-action.de\/wp\/wp-content\/uploads\/2023\/07\/20230623_152633-300x199.jpg 300w, http:\/\/weitblick-action.de\/wp\/wp-content\/uploads\/2023\/07\/20230623_152633-1024x680.jpg 1024w, http:\/\/weitblick-action.de\/wp\/wp-content\/uploads\/2023\/07\/20230623_152633-768x510.jpg 768w, http:\/\/weitblick-action.de\/wp\/wp-content\/uploads\/2023\/07\/20230623_152633-1536x1020.jpg 1536w, http:\/\/weitblick-action.de\/wp\/wp-content\/uploads\/2023\/07\/20230623_152633-2048x1360.jpg 2048w, http:\/\/weitblick-action.de\/wp\/wp-content\/uploads\/2023\/07\/20230623_152633-340x226.jpg 340w\" sizes=\"auto, (max-width: 2560px) 100vw, 2560px\" \/>Projektpr\u00e4sentation auf dem Symposium &#8216;Digital Citizenship and Foreign Language Education&#8217;<\/p>\n<p><img loading=\"lazy\" decoding=\"async\" class=\"alignnone size-full wp-image-2136\" src=\"http:\/\/weitblick-action.de\/wp\/wp-content\/uploads\/2023\/07\/20230623_091047-scaled.jpg\" alt=\"\" width=\"2560\" height=\"1920\" srcset=\"http:\/\/weitblick-action.de\/wp\/wp-content\/uploads\/2023\/07\/20230623_091047-scaled.jpg 2560w, http:\/\/weitblick-action.de\/wp\/wp-content\/uploads\/2023\/07\/20230623_091047-300x225.jpg 300w, http:\/\/weitblick-action.de\/wp\/wp-content\/uploads\/2023\/07\/20230623_091047-1024x768.jpg 1024w, http:\/\/weitblick-action.de\/wp\/wp-content\/uploads\/2023\/07\/20230623_091047-768x576.jpg 768w, http:\/\/weitblick-action.de\/wp\/wp-content\/uploads\/2023\/07\/20230623_091047-1536x1152.jpg 1536w, http:\/\/weitblick-action.de\/wp\/wp-content\/uploads\/2023\/07\/20230623_091047-2048x1536.jpg 2048w, http:\/\/weitblick-action.de\/wp\/wp-content\/uploads\/2023\/07\/20230623_091047-340x255.jpg 340w\" sizes=\"auto, (max-width: 2560px) 100vw, 2560px\" \/><\/p>\n<p><img loading=\"lazy\" decoding=\"async\" class=\"alignnone size-full wp-image-2137\" src=\"http:\/\/weitblick-action.de\/wp\/wp-content\/uploads\/2023\/07\/20230623_091055-scaled.jpg\" alt=\"\" width=\"2560\" height=\"1920\" srcset=\"http:\/\/weitblick-action.de\/wp\/wp-content\/uploads\/2023\/07\/20230623_091055-scaled.jpg 2560w, http:\/\/weitblick-action.de\/wp\/wp-content\/uploads\/2023\/07\/20230623_091055-300x225.jpg 300w, http:\/\/weitblick-action.de\/wp\/wp-content\/uploads\/2023\/07\/20230623_091055-1024x768.jpg 1024w, http:\/\/weitblick-action.de\/wp\/wp-content\/uploads\/2023\/07\/20230623_091055-768x576.jpg 768w, http:\/\/weitblick-action.de\/wp\/wp-content\/uploads\/2023\/07\/20230623_091055-1536x1152.jpg 1536w, http:\/\/weitblick-action.de\/wp\/wp-content\/uploads\/2023\/07\/20230623_091055-2048x1536.jpg 2048w, http:\/\/weitblick-action.de\/wp\/wp-content\/uploads\/2023\/07\/20230623_091055-340x255.jpg 340w\" sizes=\"auto, (max-width: 2560px) 100vw, 2560px\" \/><\/p>\n<p><img loading=\"lazy\" decoding=\"async\" class=\"alignnone size-full wp-image-2138\" src=\"http:\/\/weitblick-action.de\/wp\/wp-content\/uploads\/2023\/07\/20230623_145620-scaled.jpg\" alt=\"\" width=\"2560\" height=\"1920\" srcset=\"http:\/\/weitblick-action.de\/wp\/wp-content\/uploads\/2023\/07\/20230623_145620-scaled.jpg 2560w, http:\/\/weitblick-action.de\/wp\/wp-content\/uploads\/2023\/07\/20230623_145620-300x225.jpg 300w, http:\/\/weitblick-action.de\/wp\/wp-content\/uploads\/2023\/07\/20230623_145620-1024x768.jpg 1024w, http:\/\/weitblick-action.de\/wp\/wp-content\/uploads\/2023\/07\/20230623_145620-768x576.jpg 768w, http:\/\/weitblick-action.de\/wp\/wp-content\/uploads\/2023\/07\/20230623_145620-1536x1152.jpg 1536w, http:\/\/weitblick-action.de\/wp\/wp-content\/uploads\/2023\/07\/20230623_145620-2048x1536.jpg 2048w, http:\/\/weitblick-action.de\/wp\/wp-content\/uploads\/2023\/07\/20230623_145620-340x255.jpg 340w\" sizes=\"auto, (max-width: 2560px) 100vw, 2560px\" \/><\/p>\n","protected":false},"excerpt":{"rendered":"<p>Memes, Me &amp; Making a Difference Digital Trends, Identity &amp; Citizenship W\u00e4hrend digitale Medien in<br \/><a href=\"http:\/\/weitblick-action.de\/?page_id=2125\" class=\"read-more\">Read More &raquo;<\/a><\/p>\n","protected":false},"author":2,"featured_media":2127,"parent":48,"menu_order":0,"comment_status":"closed","ping_status":"closed","template":"","meta":{"footnotes":""},"class_list":["post-2125","page","type-page","status-publish","has-post-thumbnail","hentry","blog-item"],"_links":{"self":[{"href":"http:\/\/weitblick-action.de\/index.php?rest_route=\/wp\/v2\/pages\/2125","targetHints":{"allow":["GET"]}}],"collection":[{"href":"http:\/\/weitblick-action.de\/index.php?rest_route=\/wp\/v2\/pages"}],"about":[{"href":"http:\/\/weitblick-action.de\/index.php?rest_route=\/wp\/v2\/types\/page"}],"author":[{"embeddable":true,"href":"http:\/\/weitblick-action.de\/index.php?rest_route=\/wp\/v2\/users\/2"}],"replies":[{"embeddable":true,"href":"http:\/\/weitblick-action.de\/index.php?rest_route=%2Fwp%2Fv2%2Fcomments&post=2125"}],"version-history":[{"count":7,"href":"http:\/\/weitblick-action.de\/index.php?rest_route=\/wp\/v2\/pages\/2125\/revisions"}],"predecessor-version":[{"id":2147,"href":"http:\/\/weitblick-action.de\/index.php?rest_route=\/wp\/v2\/pages\/2125\/revisions\/2147"}],"up":[{"embeddable":true,"href":"http:\/\/weitblick-action.de\/index.php?rest_route=\/wp\/v2\/pages\/48"}],"wp:featuredmedia":[{"embeddable":true,"href":"http:\/\/weitblick-action.de\/index.php?rest_route=\/wp\/v2\/media\/2127"}],"wp:attachment":[{"href":"http:\/\/weitblick-action.de\/index.php?rest_route=%2Fwp%2Fv2%2Fmedia&parent=2125"}],"curies":[{"name":"wp","href":"https:\/\/api.w.org\/{rel}","templated":true}]}}