{"id":22,"date":"2017-11-07T11:28:52","date_gmt":"2017-11-07T10:28:52","guid":{"rendered":"http:\/\/weitblick-action.de\/?page_id=22"},"modified":"2018-05-23T17:56:34","modified_gmt":"2018-05-23T15:56:34","slug":"kontakt","status":"publish","type":"page","link":"http:\/\/weitblick-action.de\/?page_id=22","title":{"rendered":"Kontakt und Impressum"},"content":{"rendered":"<p><em>Weitblick \u2013 Students in Action e.V.<\/em><br \/>\nSchachenweg 6<br \/>\n85757 Karlsfeld<br \/>\nTel.: 0151-50758636<br \/>\nEmail: <a href=\"mailto:info@weitblick-aktion.de\">info@weitblick-action.de<\/a><\/p>\n<p><strong>Vorstand:<\/strong><br \/>\nDr. Petra Rauschert (1. Vorsitzende)<br \/>\nAnette Schlenker (2. Vorsitzende)<\/p>\n<p><strong>Spendenkonto:<\/strong><br \/>\nHeidenheimer Volksbank<br \/>\nIBAN: DE12632901100357706005<br \/>\nBIC: GENODES1HDH<\/p>\n<p><strong>Vereinsregister M\u00fcnchen, VR 200166<\/strong><br \/>\nWir sind wegen F\u00f6rderung der Bildung seit 2.3.2006 durch Bescheinigung des Finanzamtes M\u00fcnchen, 80275 M\u00fcnchen, Steuernummer 143\/845\/39152 K05, vom 20.04.2006, als K\u00f6rperschaft anerkannt, die ausschlie\u00dflich und unmittelbar steuerbeg\u00fcnstigten gemeinn\u00fctzigen Zwecken im Sinne der \u00a7\u00a7 51 ff. AO dient.<\/p>\n<p><strong>Inhaltlich verantwortlich gem\u00e4\u00df \u00a7 6 MDStV:<\/strong> Petra Rauschert<\/p>\n<p><strong>Verweise und Links<\/strong><br \/>\nAuf die Gestaltung und die Inhalte der gelinkten Seiten hat der Autor keinerlei Einfluss. Diese Erkl\u00e4rung gilt f\u00fcr alle im Intenetangebot enthaltenen direkten und indirekten Links zu anderen Websites. F\u00fcr illegale, fehlerhafte oder unvollst\u00e4ndige Inhalte haftet allein der Anbieter der verlinkten Seite und nicht der Autor, der lediglich \u00fcber Links auf die jeweilige Ver\u00f6ffentlichung verweist.<\/p>\n","protected":false},"excerpt":{"rendered":"<p>Weitblick \u2013 Students in Action e.V. Schachenweg 6 85757 Karlsfeld Tel.: 0151-50758636 Email: info@weitblick-action.de Vorstand:<br \/><a href=\"http:\/\/weitblick-action.de\/?page_id=22\" class=\"read-more\">Read More &raquo;<\/a><\/p>\n","protected":false},"author":1,"featured_media":0,"parent":0,"menu_order":0,"comment_status":"closed","ping_status":"closed","template":"","meta":{"footnotes":""},"class_list":["post-22","page","type-page","status-publish","hentry","blog-item"],"_links":{"self":[{"href":"http:\/\/weitblick-action.de\/index.php?rest_route=\/wp\/v2\/pages\/22","targetHints":{"allow":["GET"]}}],"collection":[{"href":"http:\/\/weitblick-action.de\/index.php?rest_route=\/wp\/v2\/pages"}],"about":[{"href":"http:\/\/weitblick-action.de\/index.php?rest_route=\/wp\/v2\/types\/page"}],"author":[{"embeddable":true,"href":"http:\/\/weitblick-action.de\/index.php?rest_route=\/wp\/v2\/users\/1"}],"replies":[{"embeddable":true,"href":"http:\/\/weitblick-action.de\/index.php?rest_route=%2Fwp%2Fv2%2Fcomments&post=22"}],"version-history":[{"count":6,"href":"http:\/\/weitblick-action.de\/index.php?rest_route=\/wp\/v2\/pages\/22\/revisions"}],"predecessor-version":[{"id":1280,"href":"http:\/\/weitblick-action.de\/index.php?rest_route=\/wp\/v2\/pages\/22\/revisions\/1280"}],"wp:attachment":[{"href":"http:\/\/weitblick-action.de\/index.php?rest_route=%2Fwp%2Fv2%2Fmedia&parent=22"}],"curies":[{"name":"wp","href":"https:\/\/api.w.org\/{rel}","templated":true}]}}