{"id":350,"date":"2017-11-22T16:18:42","date_gmt":"2017-11-22T15:18:42","guid":{"rendered":"http:\/\/weitblick-action.de\/wp\/?page_id=350"},"modified":"2022-03-15T08:58:12","modified_gmt":"2022-03-15T07:58:12","slug":"homepage","status":"publish","type":"page","link":"http:\/\/weitblick-action.de\/","title":{"rendered":"Homepage"},"content":{"rendered":"<div class=\"wpb-content-wrapper\"><p>[vc_row full_width=&#8221;stretch_row_content&#8221; id=&#8221;section-3986&#8243;][vc_column][rev_slider_vc alias=&#8221;mainslider&#8221;][vc_custom_heading text=&#8221;Nachrichten&#8221; font_container=&#8221;tag:h1|text_align:center&#8221; use_theme_fonts=&#8221;yes&#8221;][vc_empty_space][vc_masonry_grid post_type=&#8221;post&#8221; max_items=&#8221;10&#8243; grid_id=&#8221;vc_gid:1647331068010-f38ef351-a09a-2&#8243;][\/vc_column][\/vc_row][vc_row full_width=&#8221;stretch_row_content_no_spaces&#8221; id=&#8221;section-1546&#8243; css=&#8221;.vc_custom_1516105134413{background-image: url(http:\/\/weitblick-action.de\/wp\/wp-content\/uploads\/2017\/11\/halftone-yellow.png?id=231) !important;background-position: 0 0 !important;background-repeat: repeat !important;}&#8221;][vc_column][\/vc_column][\/vc_row][vc_row id=&#8221;section-konzept&#8221; el_id=&#8221;section-konzept&#8221;][vc_column][vc_custom_heading text=&#8221;WEITBLICK \u2013 STUDENTS IN ACTION e.V.&#8221; font_container=&#8221;tag:h2|text_align:center&#8221; use_theme_fonts=&#8221;yes&#8221; el_class=&#8221;section-konzept&#8221;][vc_empty_space][vc_icon icon_fontawesome=&#8221;fa fa-binoculars&#8221; background_style=&#8221;rounded&#8221; size=&#8221;lg&#8221; align=&#8221;center&#8221; css=&#8221;.vc_custom_1527158253181{margin-top: -10px !important;}&#8221;][vc_column_text]<\/p>\n<p style=\"text-align: center;\">F\u00fchrt seit \u00fcber 15 Jahren erfolgreich Service Learning-Projekte<\/p>\n<p style=\"text-align: center;\">an Schulen und Hochschulen durch.<\/p>\n<p>[\/vc_column_text][vc_icon icon_fontawesome=&#8221;fa fa-leaf&#8221; background_style=&#8221;rounded&#8221; size=&#8221;lg&#8221; align=&#8221;center&#8221; css=&#8221;.vc_custom_1527158261694{margin-top: -10px !important;}&#8221;][vc_column_text]<\/p>\n<p style=\"text-align: center;\">Steht f\u00fcr die Koppelung innovativer Bildungsprojekte<\/p>\n<p style=\"text-align: center;\">mit gesellschaftlichem Engagement.<\/p>\n<p>[\/vc_column_text][vc_icon icon_fontawesome=&#8221;fa fa-asterisk&#8221; background_style=&#8221;rounded&#8221; size=&#8221;lg&#8221; align=&#8221;center&#8221; css=&#8221;.vc_custom_1527158277314{margin-top: -10px !important;}&#8221;][vc_column_text]<\/p>\n<p style=\"text-align: center;\">L\u00e4dt Schulen und Hochschulen ein, sich an gemeinsamen Projekten zu beteiligen, um lokal und global zu nachhaltiger Bildung, verantwortungsvollem Handeln und V\u00f6lkerverst\u00e4ndigung beizutragen.<\/p>\n<p>[\/vc_column_text][vc_tta_accordion color=&#8221;sky&#8221; spacing=&#8221;2&#8243; active_section=&#8221;100&#8243; collapsible_all=&#8221;true&#8221;][vc_tta_section title=&#8221;Weitblick&#8221; tab_id=&#8221;1516100880219-8f9a2cbd-888e&#8221;][vc_column_text]<strong>Herzlich willkommen bei <\/strong><em><strong>Weitblick \u2013 Students in Action e.V.<br \/>\n<\/strong><\/em><\/p>\n<p><em>Weitblick \u2013 Students in Action e.V.<\/em> ist eine im Jahr 2006 gegr\u00fcndete Initiative, die formales Lernen und gesellschaftliches Engagement verbindet. Lernende und Lehrende jeglicher Schul- oder Hochschularten sind eingeladen, sich mit anderen Kulturen, aber auch mit wichtigen Fragen des Lebens im Allgemeinen zu besch\u00e4ftigen. Damit blicken sie tats\u00e4chlich in die Ferne, gelangen jedoch auch im \u00fcbertragenen Sinn zu einer gr\u00f6\u00dferen Weitsicht.<\/p>\n<p>W\u00e4hrend der Erkenntniszugewinn ein wichtiger Bestandteil von <em>Weitblick<\/em> ist, steht die Aktion in gleichem Ma\u00dfe im Vordergrund. Wir m\u00f6chten dabei den Teilnehmenden die Erfahrung erm\u00f6glichen, dass durch viele kleine Einzelbeitr\u00e4ge Gro\u00dfes bewirkt werden kann. Es werden darum immer ein bis zwei gro\u00dfe Vorhaben geplant, die so genannten <em>Weitblick-Projekte<\/em>, die nur durch die Mitwirkung vieler realisiert werden k\u00f6nnen. Bei den aktuellen <em>Weitblick-Projekten<\/em> handelt es sich um ein Schulprojekt in Indien und um die Entwicklung eines weltweiten Friedenspfades. Grunds\u00e4tzlich definieren sich die <em>Weitblick-Projekte<\/em> dadurch, dass Lernende gesellschaftliche Herausforderungen identifizieren und Ma\u00dfnahmen ergreifen, um im Rahmen ihrer M\u00f6glichkeiten einen positiven Beitrag zur Probleml\u00f6sung zu leisten. Die aktuellen Projekte befassen sich insbesondere mit dem Recht auf Bildung, Chancengleichheit, Frieden und interkulturellem Dialog.<\/p>\n<p>Die Verwirklichung der gro\u00dfen Weitblick-Projekte erfolgt durch kleinere, so genannte <em>undhelfen-Projekte<\/em>, die Lernende unterschiedlicher Bildungseinrichtungen und L\u00e4nder durchf\u00fchren. Das pers\u00f6nliche Engagement f\u00fcr die Welt, in der sie leben, soll dabei nicht nur zu einer bewussteren und verantwortungsvolleren Lebensweise f\u00fchren, sondern langfristig auch dazu beitragen, lokal und global friedliche Strukturen und V\u00f6lkerverst\u00e4ndigung zu f\u00f6rdern.[\/vc_column_text][\/vc_tta_section][vc_tta_section title=&#8221;Vernetzung und Zusammenarbeit: Die undhelfen-Projekte&#8221; tab_id=&#8221;1516100880220-207314a8-8634&#8243;][vc_column_text]Im Zentrum der Arbeit von <em>Weitblick \u2013 Students in Action e.V.<\/em> steht die schul- und hochschul\u00fcbergreifende Zusammenarbeit, die folgenderma\u00dfen funktioniert:<\/p>\n<p>Es gibt ein gro\u00dfes Hyperprojekt, das <a href=\"?page_id=46\">Weitblick-Projekt<\/a>, das zun\u00e4chst gemeinsam festgelegt wird und dem alle Beteiligten zuarbeiten, aktuell dem <a href=\"http:\/\/weitblick-action.de\/wp\/?page_id=100\">Schulprojekt in Indien oder dem Welt-Friedenspfad<\/a>. Dieses gro\u00dfe Projekt wird realisiert, indem alle Beteiligten kleine Projekte unternehmen. Das Motto Lernen und Helfen bringt die Verbindung formalen Lernens und gemeinn\u00fctzigen Engagements zum Ausdruck. Der Bestandteil Lernen kann dabei konkretisiert werden, im Fall des Magazins Happiness einer zehnten Klasse in Gauting z.B. durch <a href=\"http:\/\/weitblick-action.de\/wp\/?page_id=373\">Schreiben und Helfen (II)<\/a>, im Fall der Speed Reading-Veranstaltung einer achten Klasse in Starnberg durch <a href=\"http:\/\/weitblick-action.de\/wp\/?page_id=146\">Lesen und Helfen<\/a> oder im Rahmen des Begegnungsprojekts von Studierenden der LMU, Gymnasiasten und Gefl\u00fcchteten durch <a href=\"http:\/\/weitblick-action.de\/wp\/?page_id=120\">Kochen und helfen<\/a>. Da sich der erste Teil je nach Kreativit\u00e4t der Beteiligten immer \u00e4ndert, sprechen wir allgemein von undhelfen-Projekten.[\/vc_column_text][\/vc_tta_section][vc_tta_section title=&#8221;Wissenschaftliche Fundierung: Service Learning&#8221; tab_id=&#8221;1516101262711-40c3d33c-2a17&#8243;][vc_column_text]<em>Weitblick \u2013 Students in Action e.V.<\/em> stellt eine Bildungsinitative dar, die auf dem p\u00e4dagogischen Konzept des Service Learning basiert, d.h. einem Ansatz, der formales Lernen und gemeinn\u00fctziges Engagement verbindet. Im Fokus steht entsprechend nicht ausschlie\u00dflich gemeinn\u00fctziges Engagement, sondern die Anbindung desselben an schulische und universit\u00e4re Bildungsinhalte. Indem im Rahmen des fachlichen Lernens L\u00f6sungen f\u00fcr gesellschaftliche Problemfelder entwickelt werden und Lernende die M\u00f6glichkeit erhalten, sich durch den Einsatz ihrer Talente und Kompetenzen aktiv zu engagieren, wird nachhaltiges und tiefgreifendes Lernen unterst\u00fctzt. Wissensvermittlung, Pers\u00f6nlichkeitsentwicklung und die F\u00f6rderung demokratischer Kompetenzen stehen dabei in engem Zusammenhang.<br \/>\nIm Gegensatz zu den USA, wo Service Learning bereits l\u00e4nger verankert ist, entwickelt sich der Ansatz in Deutschland seit 2001 stetig weiter und findet in verschiedenen Netzwerken seinen Ausdruck. Da die Grundlagen f\u00fcr <em>Weitblick \u2013 Students in Action e.V.<\/em> bereits im Jahr 2005 gelegt wurden, bevor die Initiative 2006 offiziell als gemeinn\u00fctziger Verein eingetragen wurde, geh\u00f6rt Weitblick zu den fr\u00fchen Service Learning Initiativen in Deutschland.[\/vc_column_text][\/vc_tta_section][vc_tta_section title=&#8221;Intercultural Service Learning&#8221; tab_id=&#8221;1516101332702-279c72d6-f7eb&#8221;][vc_column_text]Service Learning stellt ein Konzept dar, das grunds\u00e4tzlich allen Inhalten und Fachrichtungen offensteht. Da <em>Weitblick \u2013 Students in Action e.V.<\/em> einen Schwerpunkt auf interkulturelles Lernen und V\u00f6lkerverst\u00e4ndigung legt, greift hier insbesondere die spezifische Ausrichtung des Intercultural Service Learning, bei dem interkulturelle Zusammenarbeit und die Ausbildung interkultureller Kompetenzen im Vordergrund steht. Intercultural Service Learning kann verschiedene Formen der Kooperation beinhalten, etwa die Zusammenarbeit verschiedener ethnischer Gruppen innerhalb eines Landes (vgl. <a href=\"http:\/\/weitblick-action.de\/wp\/?page_id=120\">Kochen und helfen<\/a>), l\u00e4nder\u00fcbergreifende Zusammenarbeit (vgl. <a href=\"http:\/\/weitblick-action.de\/wp\/?page_id=373\">Schreiben und helfen II<\/a>) oder Projekte, die gemeinn\u00fctziges Engagement w\u00e4hrend eines Auslandsaufenthaltes vorsehen. Entsprechend der Definition von Service Learning ist bei allen drei Formen die Anbindung des gemeinn\u00fctzigen Engagements (\u201eService\u201c) an weiterf\u00fchrende, curricular verankerte Bildungsinhalte (\u201eLearning\u201c) entscheidend.[\/vc_column_text][\/vc_tta_section][vc_tta_section title=&#8221;Weitblick im Kontext der Fremdsprachendidaktik (FLT\/TEFL)&#8221; tab_id=&#8221;1516101396017-dc9968cc-c175&#8243;][vc_column_text]W\u00e4hrend sich das Netzwerk einerseits durch die Vielfalt der Projekte auszeichnet, war es in den vergangenen Jahren andererseits auch m\u00f6glich, fachspezifische Theorien und Modellprojekte auszuarbeiten. Die interkulturelle Ausrichtung des Netzwerks und das Bestreben, in einer globalisierten Welt zur erfolgreichen und friedlichen Kommunikation beizutragen, bieten zahlreiche Ankn\u00fcpfungspunkte an die Fremdsprachendidaktik. Die erfolgreiche Durchf\u00fchrung dieser Projekte (z.B. Radio machen und helfen, Schreiben und helfen II, Kochen und helfen) f\u00fchrte zur Erkenntnis eines immensen Potentials von Intercultural Service Learning f\u00fcr den Fremdsprachenunterricht.<br \/>\nAm Lehrstuhl f\u00fcr die Didaktik der englischen Sprache und Literatur der LMU M\u00fcnchen wurde entsprechend untersucht, wie Intercultural Service Learning zur F\u00f6rderung interkultureller kommunikativer Kompetenz im Fremdsprachenunterricht eingesetzt werden kann, und welchen besonderen Mehrwert diese Art projektorientierten Lernens f\u00fcr Sch\u00fclerinnen und Sch\u00fcler haben kann. Parallel dazu wurde der Ansatz weiterentwickelt, indem Verkn\u00fcpfungen zwischen Intercultural Service Learning und verwandten Konzepten, etwa Intercultural Citizenship Education (Byram), hergestellt wurden.<\/p>\n<p>Weitblick startete im Jahr 2006 als Schulnetzwerk. Die urspr\u00fcngliche Bezeichnung der Initiative lautete darum \u201eWeitblick \u2013 Sch\u00fcler in Aktion e.V.\u201c. Da sich insbesondere durch die Forschung am Lehrstuhl f\u00fcr Englischdidaktik der LMU M\u00fcnchen immer h\u00e4ufiger Studierende an Projekten beteiligten und gerade auch die Zusammenarbeit von (Lehramts-)Studierenden und Schulen weiter ausgebaut werden soll, wurde das Netzwerk Anfang des Jahres 2018 umbenannt. Der inklusivere Titel \u201e<em>Weitblick \u2013 Students in Action e.V.<\/em>\u201c schlie\u00dft nun sowohl Sch\u00fclerinnen und Sch\u00fcler als auch Studierende ein. Dar\u00fcber hinaus soll durch den englischen Namensbestandteil auch die internationale Ausrichtung unterstrichen werden.[\/vc_column_text][\/vc_tta_section][\/vc_tta_accordion][\/vc_column][\/vc_row][vc_row full_width=&#8221;stretch_row_content_no_spaces&#8221; id=&#8221;section-1546&#8243; css=&#8221;.vc_custom_1516105134413{background-image: url(http:\/\/weitblick-action.de\/wp\/wp-content\/uploads\/2017\/11\/halftone-yellow.png?id=231) !important;background-position: 0 0 !important;background-repeat: repeat !important;}&#8221;][vc_column][\/vc_column][\/vc_row][vc_row id=&#8221;section-5322&#8243; el_id=&#8221;section-5322&#8243; el_class=&#8221;section-5322&#8243;][vc_column][vc_custom_heading text=&#8221;Teilnahme&#8221; font_container=&#8221;tag:h2|text_align:center&#8221; use_theme_fonts=&#8221;yes&#8221;][vc_empty_space][vc_column_text]Das Netzwerk Weitblick \u2013 Students in Action steht grunds\u00e4tzlich allen Bildungseinrichtungen offen. Besonders gefragt sind darum engagierte Lehrkr\u00e4fte sowie Dozentinnen und Dozenten, die gerne einmal richtig aktiv werden wollen. Aber auch all diejenigen, die Freude daran haben, sich mit ihrer Tatkraft und ihren Ideen f\u00fcr ihre Mitwelt einzusetzen, sind willkommen, sich an unseren Projekten zu beteiligen.<\/p>\n<p>An folgenden beiden Weitblick-Projekten ist aktuell eine Teilnahme m\u00f6glich:[\/vc_column_text][vc_tta_accordion color=&#8221;vista-blue&#8221; spacing=&#8221;2&#8243; active_section=&#8221;111&#8243; collapsible_all=&#8221;true&#8221;][vc_tta_section title=&#8221;Global Peace Path&#8221; tab_id=&#8221;1516198065524-da424e62-3919&#8243;][vc_column_text]Ziel dieses Projekts ist es, im w\u00f6rtlichen Sinne einen Welt-Friedenspfad anzulegen. Dies gelingt, indem an verschiedensten Orten in Deutschland und weltweit Gedichte oder poetische Statements zum Thema Frieden ver\u00f6ffentlicht werden.<\/p>\n<p>Wer sich auf diese Weise f\u00fcr Frieden und V\u00f6lkerverst\u00e4ndigung engagieren m\u00f6chte, geht wie folgt vor: Verfasst Gedichte oder poetische Statements zum Thema Frieden, gegebenenfalls sind auch andere k\u00fcnstlerische Ausdrucksformen m\u00f6glich, und stellt sie an einem \u00f6ffentlichen Ort aus, so dass sie einem gr\u00f6\u00dferen Personenkreis als den Verfassern zug\u00e4nglich sind. Die Texte k\u00f6nnen auf Schilder gedruckt oder auf anderen Tr\u00e4germaterialien ausgestellt werden.<br \/>\nDa wir die Ausbreitung des Global Peace Path auf einer digitalen Karte sichtbar machen wollen und im Hinblick auf die Texte auch zum internationalen Dialog einladen m\u00f6chten, w\u00e4re es sch\u00f6n, wenn ihr uns im n\u00e4chsten Schritt Bilder von den ausgestellten Friedensbotschaften sowie die Texte zumailen w\u00fcrdet (<a href=\"mailto:info@weitblick-aktion.de\">info@weitblick-action.de<\/a>). Weitere Instruktionen und ein Beispielprojekt findet ihr unter dem Link \u201eGlobal Peace Path\u201c. Wir freuen uns auf eure Teilnahme!<\/p>\n<p><a href=\"http:\/\/weitblick-action.de\/?page_id=110\">Weiter zur Projektseite des Global Peace Path&#8230;<\/a>[\/vc_column_text][\/vc_tta_section][vc_tta_section title=&#8221;Schulprojekt in Telangana&#8221; tab_id=&#8221;1516198065526-7e6d4a1e-808d&#8221;][vc_column_text]Ausgangspunkt dieses Projekts war es, dass Lernende ihre Kompetenzen einsetzen, um sich f\u00fcr das Recht auf Bildung und Gleichberechtigung zu engagieren. Entsprechend wurden zahlreiche undhelfen-Projekte durchgef\u00fchrt, mit denen der Bau einer Schule in Telangana finanziert werden konnte. Erfreulicherweise konnte die Schule inzwischen in Betrieb genommen werden und viele Kinder k\u00f6nnen hier nun lernen. Aufgrund der hohen Nachfrage an Pl\u00e4tzen in der Schule nun noch ein drittes Stockwerk gebaut werden muss, ein weiterer Schulbus ben\u00f6tigt wird und es auch noch an Innenausstattung fehlt (z.B. Computer, Sportger\u00e4te), wird dringend noch Unterst\u00fctzung ben\u00f6tigt.<\/p>\n<p>Wer sich hier engagieren m\u00f6chte, geht wie folgt vor: \u00dcberlegt euch ein undhelfen-Projekt, bei dem ihr etwas lernt und\/oder bei dem ihr anderen etwas beibringt. Ihr k\u00f6nnt z.B. ein Produkt herstellen oder eine Veranstaltung durchf\u00fchren. Unter dem Men\u00fcpunkt \u201cAktionen\u201d findet ihr Beispiele. Verkauft anschlie\u00dfend euer Produkt bzw. verlangt bei eurer Veranstaltung Eintritt und spendet das Geld f\u00fcr das Schulprojekt in Indien. Auf diese Weise k\u00f6nnt ihr mithelfen, dass in der St. Lawrence School wirklich alle Kinder, die Bedarf haben, einen Platz bekommen k\u00f6nnen oder auch die noch fehlende Innenausstattung erworben werden kann.<\/p>\n<p><a href=\"http:\/\/weitblick-action.de\/?page_id=100\">Weiter zur Projektseite des Schulprojekts in Telangana&#8230;<\/a><\/p>\n<p>&nbsp;<\/p>\n<p>Spendet die Erl\u00f6se an folgende Bankverbindung:<\/p>\n<p>&nbsp;<\/p>\n<p>Weitblick \u2013 Students in Action e.V.<\/p>\n<p>Betreff: Schulprojekt in Telangana<\/p>\n<p>Heidenheimer Volksbank<\/p>\n<p>IBAN: DE12632901100357706005<\/p>\n<p>BIC: GENODES1HDH<\/p>\n<p>&nbsp;<\/p>\n<p>Wendet euch bei Fragen gerne per Email an uns:<\/p>\n<p><a href=\"mailto:info@weitblick-action.de\">info@weitblick-action.de<\/a><\/p>\n<p><span style=\"color: #0563c1;\">\u00a0<\/span><\/p>\n<p>Gerne unterst\u00fctzen wir euch bei euren Projekten.<\/p>\n<p>Erfolgreich durchgef\u00fchrte undhelfen-Projekte zeichnen wir mit dem\u00a0<a href=\"http:\/\/weitblick-action.de\/wp\/?page_id=166\">Weitblick-Zertifikat<\/a>\u00a0aus.[\/vc_column_text][\/vc_tta_section][\/vc_tta_accordion][\/vc_column][\/vc_row]<\/p>\n<\/div>","protected":false},"excerpt":{"rendered":"<p>[vc_row full_width=&#8221;stretch_row_content&#8221; id=&#8221;section-3986&#8243;][vc_column][rev_slider_vc alias=&#8221;mainslider&#8221;][vc_custom_heading text=&#8221;Nachrichten&#8221; font_container=&#8221;tag:h1|text_align:center&#8221; use_theme_fonts=&#8221;yes&#8221;][vc_empty_space][vc_masonry_grid post_type=&#8221;post&#8221; max_items=&#8221;10&#8243; grid_id=&#8221;vc_gid:1647331068010-f38ef351-a09a-2&#8243;][\/vc_column][\/vc_row][vc_row full_width=&#8221;stretch_row_content_no_spaces&#8221; id=&#8221;section-1546&#8243; css=&#8221;.vc_custom_1516105134413{background-image: url(http:\/\/weitblick-action.de\/wp\/wp-content\/uploads\/2017\/11\/halftone-yellow.png?id=231) !important;background-position:<br \/><a href=\"http:\/\/weitblick-action.de\/\" class=\"read-more\">Read More &raquo;<\/a><\/p>\n","protected":false},"author":1,"featured_media":0,"parent":0,"menu_order":0,"comment_status":"closed","ping_status":"closed","template":"page-templates\/template-page-builder.php","meta":{"footnotes":""},"class_list":["post-350","page","type-page","status-publish","hentry","blog-item"],"_links":{"self":[{"href":"http:\/\/weitblick-action.de\/index.php?rest_route=\/wp\/v2\/pages\/350","targetHints":{"allow":["GET"]}}],"collection":[{"href":"http:\/\/weitblick-action.de\/index.php?rest_route=\/wp\/v2\/pages"}],"about":[{"href":"http:\/\/weitblick-action.de\/index.php?rest_route=\/wp\/v2\/types\/page"}],"author":[{"embeddable":true,"href":"http:\/\/weitblick-action.de\/index.php?rest_route=\/wp\/v2\/users\/1"}],"replies":[{"embeddable":true,"href":"http:\/\/weitblick-action.de\/index.php?rest_route=%2Fwp%2Fv2%2Fcomments&post=350"}],"version-history":[{"count":69,"href":"http:\/\/weitblick-action.de\/index.php?rest_route=\/wp\/v2\/pages\/350\/revisions"}],"predecessor-version":[{"id":2192,"href":"http:\/\/weitblick-action.de\/index.php?rest_route=\/wp\/v2\/pages\/350\/revisions\/2192"}],"wp:attachment":[{"href":"http:\/\/weitblick-action.de\/index.php?rest_route=%2Fwp%2Fv2%2Fmedia&parent=350"}],"curies":[{"name":"wp","href":"https:\/\/api.w.org\/{rel}","templated":true}]}}