{"id":373,"date":"2017-11-22T18:14:25","date_gmt":"2017-11-22T17:14:25","guid":{"rendered":"http:\/\/weitblick-action.de\/wp\/?page_id=373"},"modified":"2019-06-13T10:36:55","modified_gmt":"2019-06-13T08:36:55","slug":"schreiben-und-helfen-ii","status":"publish","type":"page","link":"http:\/\/weitblick-action.de\/?page_id=373","title":{"rendered":"Schreiben und helfen II"},"content":{"rendered":"<p>Das Magazinprojekt \u201eHappiness \u2013 Perspectives in India and Germany\u201c zeigt, wie Intercultural Service Learning l\u00e4nder\u00fcbergreifend funktionieren kann. Sch\u00fclerinnen und Sch\u00fcler aus Deutschland und Indien haben hier gemeinsam ein englischsprachiges Magazin zum Thema \u201eHappiness\u201c erarbeitet.<\/p>\n<p>Die beiden S\u00e4ulen des Service Learning, formales Lernen und gemeinn\u00fctziges Engagement, realisieren sich auf curricularer Ebene durch die F\u00f6rderung interkultureller Kompetenz. Das gemeinn\u00fctzige Engagement besteht darin, dass durch das Magazin zum einen Informations- und Aufkl\u00e4rungsarbeit geleistet wird, zum anderen wird der Verkaufserl\u00f6s f\u00fcr den Bau der Schule in Telangana\/Indien verwendet.<\/p>\n<p>&nbsp;<\/p>\n<p><strong>\u00dcber den Traum vom Gl\u00fcck \u2013 das zweite Weitblick-Magazin ist erschienen!<\/strong><\/p>\n<p>(Von Kathi Hartinger, 10d)<\/p>\n<p>&nbsp;<\/p>\n<p><strong><a href=\"http:\/\/weitblick-action.de\/wp\/wp-content\/uploads\/2018\/01\/cover2009_l.jpg\"><img loading=\"lazy\" decoding=\"async\" class=\"alignright size-medium wp-image-540\" src=\"http:\/\/weitblick-action.de\/wp\/wp-content\/uploads\/2018\/01\/cover2009_l-211x300.jpg\" alt=\"\" width=\"211\" height=\"300\" srcset=\"http:\/\/weitblick-action.de\/wp\/wp-content\/uploads\/2018\/01\/cover2009_l-211x300.jpg 211w, http:\/\/weitblick-action.de\/wp\/wp-content\/uploads\/2018\/01\/cover2009_l-179x255.jpg 179w, http:\/\/weitblick-action.de\/wp\/wp-content\/uploads\/2018\/01\/cover2009_l.jpg 492w\" sizes=\"auto, (max-width: 211px) 100vw, 211px\" \/><\/a><\/strong>Es ist nicht einfach, ein Magazin \u00fcber \u201eGl\u00fcck\u201c in Indien und Deutschland zu produzieren, schlie\u00dflich ist es ein Begriff, unter dem sich vermeintlich jeder Mensch etwas anderes vorstellt. Wie man es trotzdem schaffen kann? Mit dem n\u00f6tigen Durch- beziehungsweise \u201eWeitblick\u201c! Warum bietet sich gerade dieses Thema f\u00fcr ein Magazin unseres Projekts an? Es ist einfach mal etwas Neues. Kein beklemmendes Heft \u00fcber die Armut in Indien, sondern ein positives \u00fcber die Freude und das Gl\u00fcck sollte es werden. Eines, das verbindet.<\/p>\n<p>Durch den Verkaufsreinerl\u00f6s des, von Sch\u00fclerinnen und Sch\u00fclern des OvTG unter der Leitung von Frau Rauschert gestalteten Magazins sollte die Finanzierung des Schulbaus unterst\u00fctzt werden. Um eine differenzierte Sichtweise auf beide Kulturen entstehen zu lassen, wurden zun\u00e4chst Interviews mit indischen und deutschen Jugendlichen ausgewertet. In mehreren \u201eRedaktionskonferenzen\u201c konnten die Themen nun ausgew\u00e4hlt und verteilt werden. Mit Begeisterung waren jedenfalls alle Redakteure bei der Sache. Da das Magazin diesmal komplett auf Englisch erscheinen sollte, mussten die Artikel zugegebenerma\u00dfen etwas \u00f6fter korrigiert und verbessert werden, als dies bei einer deutschen Ausgabe der Fall gewesen w\u00e4re. Lernen und helfen in einem.<\/p>\n<p>Ein Highlight w\u00e4hrend der Vorbereitungen war definitiv <a href=\"https:\/\/www.merkur.de\/lokales\/starnberg\/landkreis\/gymnasiasten-unterstuetzen-schulbau-indien-316600.html\">der Besuch von Herrn Papaiah Reddimasu<\/a>, unserem Projektpartner in Indien. Mit ihm konnten wir letzte Details kl\u00e4ren. Doch was ist nun drin, im Magazin \u00fcber das Gl\u00fcck? Jede Menge knallhart erarbeitete und noch knallh\u00e4rter recherchierte Artikel. Und gen\u00fcgend bunte Facetten des Gl\u00fccks aus zwei Kulturen, um eine regenbogenfarbene Br\u00fccke zwischen Deutschland und Indien bauen zu k\u00f6nnen.<\/p>\n<p>&nbsp;<\/p>\n<p><a href=\"http:\/\/weitblick-action.de\/wp\/wp-content\/uploads\/2018\/02\/Happiness-01_web_magazine.pdf\">Magazin<\/a><\/p>\n","protected":false},"excerpt":{"rendered":"<p>Das Magazinprojekt \u201eHappiness \u2013 Perspectives in India and Germany\u201c zeigt, wie Intercultural Service Learning l\u00e4nder\u00fcbergreifend<br \/><a href=\"http:\/\/weitblick-action.de\/?page_id=373\" class=\"read-more\">Read More &raquo;<\/a><\/p>\n","protected":false},"author":1,"featured_media":540,"parent":48,"menu_order":0,"comment_status":"closed","ping_status":"closed","template":"","meta":{"footnotes":""},"class_list":["post-373","page","type-page","status-publish","has-post-thumbnail","hentry","blog-item"],"_links":{"self":[{"href":"http:\/\/weitblick-action.de\/index.php?rest_route=\/wp\/v2\/pages\/373","targetHints":{"allow":["GET"]}}],"collection":[{"href":"http:\/\/weitblick-action.de\/index.php?rest_route=\/wp\/v2\/pages"}],"about":[{"href":"http:\/\/weitblick-action.de\/index.php?rest_route=\/wp\/v2\/types\/page"}],"author":[{"embeddable":true,"href":"http:\/\/weitblick-action.de\/index.php?rest_route=\/wp\/v2\/users\/1"}],"replies":[{"embeddable":true,"href":"http:\/\/weitblick-action.de\/index.php?rest_route=%2Fwp%2Fv2%2Fcomments&post=373"}],"version-history":[{"count":8,"href":"http:\/\/weitblick-action.de\/index.php?rest_route=\/wp\/v2\/pages\/373\/revisions"}],"predecessor-version":[{"id":1830,"href":"http:\/\/weitblick-action.de\/index.php?rest_route=\/wp\/v2\/pages\/373\/revisions\/1830"}],"up":[{"embeddable":true,"href":"http:\/\/weitblick-action.de\/index.php?rest_route=\/wp\/v2\/pages\/48"}],"wp:featuredmedia":[{"embeddable":true,"href":"http:\/\/weitblick-action.de\/index.php?rest_route=\/wp\/v2\/media\/540"}],"wp:attachment":[{"href":"http:\/\/weitblick-action.de\/index.php?rest_route=%2Fwp%2Fv2%2Fmedia&parent=373"}],"curies":[{"name":"wp","href":"https:\/\/api.w.org\/{rel}","templated":true}]}}